{"id":10011,"date":"2026-03-30T11:31:09","date_gmt":"2026-03-30T14:31:09","guid":{"rendered":"https:\/\/lourdesjoias.com.br\/?post_type=product&#038;p=10011"},"modified":"2026-04-01T11:45:53","modified_gmt":"2026-04-01T14:45:53","slug":"gargantilha-folheada-cod-912123","status":"publish","type":"product","link":"https:\/\/lourdesjoias.com.br\/pt_br\/produto\/gargantilha-folheada-cod-912123\/","title":{"rendered":"Gargantilha Folheada COD: 912123"},"content":{"rendered":"","protected":false},"excerpt":{"rendered":"<p>Gargantilha banhada em ouro18k<\/p>\n<p>&nbsp;<\/p>\n<p><strong><em>Consulte valor por WhatsApp<\/em><\/strong><\/p>\n<p>&nbsp;<\/p>\n<p>Ter\u00e7o &#8211; P\u00e9rola &#8211; Nossa senhora das gra\u00e7as<\/p>\n<p>&nbsp;<\/p>\n<p>COD:912123<\/p>\n","protected":false},"featured_media":10012,"template":"","meta":[],"product_brand":[],"product_cat":[854,429],"product_tag":[1126,1120,737,1130,202,453],"class_list":{"0":"post-10011","1":"product","2":"type-product","3":"status-publish","4":"has-post-thumbnail","6":"product_cat-folheados","7":"product_cat-gargantilha-folheados","8":"product_tag-banhada-a-ouro18k","9":"product_tag-folheada","10":"product_tag-gargantilha-folheada","11":"product_tag-noss-senhora-das-gracas","12":"product_tag-perola","13":"product_tag-religioso","15":"first","16":"instock","17":"shipping-taxable","18":"product-type-simple"},"_links":{"self":[{"href":"https:\/\/lourdesjoias.com.br\/pt_br\/wp-json\/wp\/v2\/product\/10011","targetHints":{"allow":["GET"]}}],"collection":[{"href":"https:\/\/lourdesjoias.com.br\/pt_br\/wp-json\/wp\/v2\/product"}],"about":[{"href":"https:\/\/lourdesjoias.com.br\/pt_br\/wp-json\/wp\/v2\/types\/product"}],"wp:featuredmedia":[{"embeddable":true,"href":"https:\/\/lourdesjoias.com.br\/pt_br\/wp-json\/wp\/v2\/media\/10012"}],"wp:attachment":[{"href":"https:\/\/lourdesjoias.com.br\/pt_br\/wp-json\/wp\/v2\/media?parent=10011"}],"wp:term":[{"taxonomy":"product_brand","embeddable":true,"href":"https:\/\/lourdesjoias.com.br\/pt_br\/wp-json\/wp\/v2\/product_brand?post=10011"},{"taxonomy":"product_cat","embeddable":true,"href":"https:\/\/lourdesjoias.com.br\/pt_br\/wp-json\/wp\/v2\/product_cat?post=10011"},{"taxonomy":"product_tag","embeddable":true,"href":"https:\/\/lourdesjoias.com.br\/pt_br\/wp-json\/wp\/v2\/product_tag?post=10011"}],"curies":[{"name":"wp","href":"https:\/\/api.w.org\/{rel}","templated":true}]}}