{"id":2862,"date":"2025-03-14T14:09:48","date_gmt":"2025-03-14T17:09:48","guid":{"rendered":"https:\/\/lourdesjoias.com.br\/teste\/?post_type=product&#038;p=2862"},"modified":"2025-03-14T14:09:48","modified_gmt":"2025-03-14T17:09:48","slug":"anel-ouro18k-cod140089","status":"publish","type":"product","link":"https:\/\/lourdesjoias.com.br\/pt_br\/produto\/anel-ouro18k-cod140089\/","title":{"rendered":"Anel Ouro18k COD:140089"},"content":{"rendered":"","protected":false},"excerpt":{"rendered":"<p>Anel solit\u00e1rio em ouro18k<\/p>\n<p>&nbsp;<\/p>\n<p><strong><em>Consulte valor por WhatsApp<\/em><\/strong><\/p>\n<p>&nbsp;<\/p>\n<p>Cora\u00e7\u00e3o &#8211; Pedras de zirc\u00f4nias brancas<\/p>\n<p>&nbsp;<\/p>\n<p>COD:140089<\/p>\n","protected":false},"featured_media":2863,"template":"","meta":[],"product_brand":[],"product_cat":[55,60],"product_tag":[131,179,178,180,120,101,152,127,135,150],"class_list":{"0":"post-2862","1":"product","2":"type-product","3":"status-publish","4":"has-post-thumbnail","6":"product_cat-ouro","7":"product_cat-anel","8":"product_tag-18kilates","9":"product_tag-aneis","10":"product_tag-anel","11":"product_tag-anel-solitario","12":"product_tag-coracao","13":"product_tag-joias","14":"product_tag-ouro-750","15":"product_tag-ouro18k","16":"product_tag-pedra-zirconia","17":"product_tag-pedras-zirconias","19":"first","20":"instock","21":"shipping-taxable","22":"product-type-simple"},"_links":{"self":[{"href":"https:\/\/lourdesjoias.com.br\/pt_br\/wp-json\/wp\/v2\/product\/2862","targetHints":{"allow":["GET"]}}],"collection":[{"href":"https:\/\/lourdesjoias.com.br\/pt_br\/wp-json\/wp\/v2\/product"}],"about":[{"href":"https:\/\/lourdesjoias.com.br\/pt_br\/wp-json\/wp\/v2\/types\/product"}],"wp:featuredmedia":[{"embeddable":true,"href":"https:\/\/lourdesjoias.com.br\/pt_br\/wp-json\/wp\/v2\/media\/2863"}],"wp:attachment":[{"href":"https:\/\/lourdesjoias.com.br\/pt_br\/wp-json\/wp\/v2\/media?parent=2862"}],"wp:term":[{"taxonomy":"product_brand","embeddable":true,"href":"https:\/\/lourdesjoias.com.br\/pt_br\/wp-json\/wp\/v2\/product_brand?post=2862"},{"taxonomy":"product_cat","embeddable":true,"href":"https:\/\/lourdesjoias.com.br\/pt_br\/wp-json\/wp\/v2\/product_cat?post=2862"},{"taxonomy":"product_tag","embeddable":true,"href":"https:\/\/lourdesjoias.com.br\/pt_br\/wp-json\/wp\/v2\/product_tag?post=2862"}],"curies":[{"name":"wp","href":"https:\/\/api.w.org\/{rel}","templated":true}]}}