{"id":3681,"date":"2025-04-08T14:34:59","date_gmt":"2025-04-08T17:34:59","guid":{"rendered":"https:\/\/lourdesjoias.com.br\/teste\/?post_type=product&#038;p=3681"},"modified":"2025-04-08T14:35:00","modified_gmt":"2025-04-08T17:35:00","slug":"brinco-ouro18k-cod-130148","status":"publish","type":"product","link":"https:\/\/lourdesjoias.com.br\/pt_br\/produto\/brinco-ouro18k-cod-130148\/","title":{"rendered":"Brinco Ouro18k COD: 130148"},"content":{"rendered":"","protected":false},"excerpt":{"rendered":"<p>Brinco em ouro18k<\/p>\n<p>&nbsp;<\/p>\n<p><strong><em>Consulte valor por WhatsApp<\/em><\/strong><\/p>\n<p>&nbsp;<\/p>\n<p>Trabalhado \u2013 Pendurado \u2013 Ponto de luz \u2013 Zirc\u00f4nia branca &#8211; Cora\u00e7\u00e3o<\/p>\n<p>&nbsp;<\/p>\n<p>COD:130148<\/p>\n","protected":false},"featured_media":3682,"template":"","meta":[],"product_brand":[],"product_cat":[55,61],"product_tag":[131,246,247,276,120,132,101,152,127,135,175,117],"class_list":{"0":"post-3681","1":"product","2":"type-product","3":"status-publish","4":"has-post-thumbnail","6":"product_cat-ouro","7":"product_cat-brinco","8":"product_tag-18kilates","9":"product_tag-brinco","10":"product_tag-brinco-ouro18k","11":"product_tag-brinco-pendurado","12":"product_tag-coracao","13":"product_tag-joia","14":"product_tag-joias","15":"product_tag-ouro-750","16":"product_tag-ouro18k","17":"product_tag-pedra-zirconia","18":"product_tag-ponto-de-luz","19":"product_tag-zirconia","21":"first","22":"instock","23":"shipping-taxable","24":"product-type-simple"},"_links":{"self":[{"href":"https:\/\/lourdesjoias.com.br\/pt_br\/wp-json\/wp\/v2\/product\/3681","targetHints":{"allow":["GET"]}}],"collection":[{"href":"https:\/\/lourdesjoias.com.br\/pt_br\/wp-json\/wp\/v2\/product"}],"about":[{"href":"https:\/\/lourdesjoias.com.br\/pt_br\/wp-json\/wp\/v2\/types\/product"}],"wp:featuredmedia":[{"embeddable":true,"href":"https:\/\/lourdesjoias.com.br\/pt_br\/wp-json\/wp\/v2\/media\/3682"}],"wp:attachment":[{"href":"https:\/\/lourdesjoias.com.br\/pt_br\/wp-json\/wp\/v2\/media?parent=3681"}],"wp:term":[{"taxonomy":"product_brand","embeddable":true,"href":"https:\/\/lourdesjoias.com.br\/pt_br\/wp-json\/wp\/v2\/product_brand?post=3681"},{"taxonomy":"product_cat","embeddable":true,"href":"https:\/\/lourdesjoias.com.br\/pt_br\/wp-json\/wp\/v2\/product_cat?post=3681"},{"taxonomy":"product_tag","embeddable":true,"href":"https:\/\/lourdesjoias.com.br\/pt_br\/wp-json\/wp\/v2\/product_tag?post=3681"}],"curies":[{"name":"wp","href":"https:\/\/api.w.org\/{rel}","templated":true}]}}