{"id":4417,"date":"2025-04-28T13:39:35","date_gmt":"2025-04-28T16:39:35","guid":{"rendered":"https:\/\/lourdesjoias.com.br\/teste\/?post_type=product&#038;p=4417"},"modified":"2025-04-28T13:39:35","modified_gmt":"2025-04-28T16:39:35","slug":"gargantilha-ouro18k-cod-44180","status":"publish","type":"product","link":"https:\/\/lourdesjoias.com.br\/pt_br\/produto\/gargantilha-ouro18k-cod-44180\/","title":{"rendered":"Gargantilha Ouro18k COD: 44180"},"content":{"rendered":"","protected":false},"excerpt":{"rendered":"<p>Gargantilha em ouro18k<\/p>\n<p>&nbsp;<\/p>\n<p><strong><em>Consulte valor por WhatsApp<\/em><\/strong><\/p>\n<p>&nbsp;<\/p>\n<p>Gargantilha &#8211; Elo Portugu\u00eas &#8211; Cora\u00e7\u00f5es &#8211; Cravejado &#8211; Pedras brancas de zirc\u00f4nia<\/p>\n<p>&nbsp;<\/p>\n<p>COD:44180<\/p>\n","protected":false},"featured_media":4421,"template":"","meta":[],"product_brand":[],"product_cat":[55,427],"product_tag":[131,120,268,430,432,431,132,101,152,127,303],"class_list":{"0":"post-4417","1":"product","2":"type-product","3":"status-publish","4":"has-post-thumbnail","6":"product_cat-ouro","7":"product_cat-gargantilha","8":"product_tag-18kilates","9":"product_tag-coracao","10":"product_tag-coracao-cravejado","11":"product_tag-gargantilha","12":"product_tag-gargantilha-coracao","13":"product_tag-gargantilha-ouro18k","14":"product_tag-joia","15":"product_tag-joias","16":"product_tag-ouro-750","17":"product_tag-ouro18k","18":"product_tag-pingente-ouro18k","20":"first","21":"instock","22":"shipping-taxable","23":"product-type-simple"},"_links":{"self":[{"href":"https:\/\/lourdesjoias.com.br\/pt_br\/wp-json\/wp\/v2\/product\/4417","targetHints":{"allow":["GET"]}}],"collection":[{"href":"https:\/\/lourdesjoias.com.br\/pt_br\/wp-json\/wp\/v2\/product"}],"about":[{"href":"https:\/\/lourdesjoias.com.br\/pt_br\/wp-json\/wp\/v2\/types\/product"}],"wp:featuredmedia":[{"embeddable":true,"href":"https:\/\/lourdesjoias.com.br\/pt_br\/wp-json\/wp\/v2\/media\/4421"}],"wp:attachment":[{"href":"https:\/\/lourdesjoias.com.br\/pt_br\/wp-json\/wp\/v2\/media?parent=4417"}],"wp:term":[{"taxonomy":"product_brand","embeddable":true,"href":"https:\/\/lourdesjoias.com.br\/pt_br\/wp-json\/wp\/v2\/product_brand?post=4417"},{"taxonomy":"product_cat","embeddable":true,"href":"https:\/\/lourdesjoias.com.br\/pt_br\/wp-json\/wp\/v2\/product_cat?post=4417"},{"taxonomy":"product_tag","embeddable":true,"href":"https:\/\/lourdesjoias.com.br\/pt_br\/wp-json\/wp\/v2\/product_tag?post=4417"}],"curies":[{"name":"wp","href":"https:\/\/api.w.org\/{rel}","templated":true}]}}