{"id":4467,"date":"2025-04-28T16:13:04","date_gmt":"2025-04-28T19:13:04","guid":{"rendered":"https:\/\/lourdesjoias.com.br\/teste\/?post_type=product&#038;p=4467"},"modified":"2025-04-28T16:13:04","modified_gmt":"2025-04-28T19:13:04","slug":"gargantilha-ouro18k-cod-44143-24872","status":"publish","type":"product","link":"https:\/\/lourdesjoias.com.br\/pt_br\/produto\/gargantilha-ouro18k-cod-44143-24872\/","title":{"rendered":"Gargantilha Ouro18k COD: 44143\/24872"},"content":{"rendered":"","protected":false},"excerpt":{"rendered":"<p>Gargantilha em ouro18k<\/p>\n<p>&nbsp;<\/p>\n<p><strong><em>Consulte valor por WhatsApp<\/em><\/strong><\/p>\n<p>&nbsp;<\/p>\n<p>Gargantilha \u2013 Cord\u00e3o cora\u00e7\u00f5es &#8211; Pingente inicial cravejado<\/p>\n<p>&nbsp;<\/p>\n<p>COD:44143\/24872<\/p>\n","protected":false},"featured_media":4468,"template":"","meta":[],"product_brand":[],"product_cat":[55,427],"product_tag":[131,120,438,216,430,432,440,441,431,392,132,101,152,127,397,391,390,439,303,123,203],"class_list":{"0":"post-4467","1":"product","2":"type-product","3":"status-publish","4":"has-post-thumbnail","6":"product_cat-ouro","7":"product_cat-gargantilha","8":"product_tag-18kilates","9":"product_tag-coracao","10":"product_tag-cordao-coracao","11":"product_tag-cravejado","12":"product_tag-gargantilha","13":"product_tag-gargantilha-coracao","14":"product_tag-gargantilha-inicial","15":"product_tag-gargantilha-letra","16":"product_tag-gargantilha-ouro18k","17":"product_tag-inicial","18":"product_tag-joia","19":"product_tag-joias","20":"product_tag-ouro-750","21":"product_tag-ouro18k","22":"product_tag-pingente-cravejado","23":"product_tag-pingente-inicial","24":"product_tag-pingente-letra","25":"product_tag-pingente-letra-m","26":"product_tag-pingente-ouro18k","27":"product_tag-trabalhada","28":"product_tag-trabalhado","30":"first","31":"instock","32":"shipping-taxable","33":"product-type-simple"},"_links":{"self":[{"href":"https:\/\/lourdesjoias.com.br\/pt_br\/wp-json\/wp\/v2\/product\/4467","targetHints":{"allow":["GET"]}}],"collection":[{"href":"https:\/\/lourdesjoias.com.br\/pt_br\/wp-json\/wp\/v2\/product"}],"about":[{"href":"https:\/\/lourdesjoias.com.br\/pt_br\/wp-json\/wp\/v2\/types\/product"}],"wp:featuredmedia":[{"embeddable":true,"href":"https:\/\/lourdesjoias.com.br\/pt_br\/wp-json\/wp\/v2\/media\/4468"}],"wp:attachment":[{"href":"https:\/\/lourdesjoias.com.br\/pt_br\/wp-json\/wp\/v2\/media?parent=4467"}],"wp:term":[{"taxonomy":"product_brand","embeddable":true,"href":"https:\/\/lourdesjoias.com.br\/pt_br\/wp-json\/wp\/v2\/product_brand?post=4467"},{"taxonomy":"product_cat","embeddable":true,"href":"https:\/\/lourdesjoias.com.br\/pt_br\/wp-json\/wp\/v2\/product_cat?post=4467"},{"taxonomy":"product_tag","embeddable":true,"href":"https:\/\/lourdesjoias.com.br\/pt_br\/wp-json\/wp\/v2\/product_tag?post=4467"}],"curies":[{"name":"wp","href":"https:\/\/api.w.org\/{rel}","templated":true}]}}