{"id":4491,"date":"2025-04-28T18:07:29","date_gmt":"2025-04-28T21:07:29","guid":{"rendered":"https:\/\/lourdesjoias.com.br\/teste\/?post_type=product&#038;p=4491"},"modified":"2025-04-28T18:20:23","modified_gmt":"2025-04-28T21:20:23","slug":"escapulario-ouro18k-cod-44158","status":"publish","type":"product","link":"https:\/\/lourdesjoias.com.br\/pt_br\/produto\/escapulario-ouro18k-cod-44158\/","title":{"rendered":"Escapul\u00e1rio Ouro18k COD: 44158"},"content":{"rendered":"","protected":false},"excerpt":{"rendered":"<p>Escapul\u00e1rio em ouro18k<\/p>\n<p>&nbsp;<\/p>\n<p><strong><em>Consulte valor por WhatsApp<\/em><\/strong><\/p>\n<p>&nbsp;<\/p>\n<p>Nossa Senhora do Carmo e Sagrado cora\u00e7\u00e3o de Jesus &#8211; Cord\u00e3o cartier<\/p>\n<p>&nbsp;<\/p>\n<p>COD:44158<\/p>\n","protected":false},"featured_media":4495,"template":"","meta":[],"product_brand":[],"product_cat":[55,450],"product_tag":[131,289,454,455,132,334,457,152,127,453,456],"class_list":{"0":"post-4491","1":"product","2":"type-product","3":"status-publish","4":"has-post-thumbnail","6":"product_cat-ouro","7":"product_cat-escapulario","8":"product_tag-18kilates","9":"product_tag-cordao-cartier","10":"product_tag-escapulario","11":"product_tag-escapulario-ouro18k","12":"product_tag-joia","13":"product_tag-nossa-senhora-do-carmo","14":"product_tag-nossa-senhora-do-carmo-e-sagrado-coracao-de-jesus","15":"product_tag-ouro-750","16":"product_tag-ouro18k","17":"product_tag-religioso","18":"product_tag-sagrado-coracao-de-jesus","20":"first","21":"instock","22":"shipping-taxable","23":"product-type-simple"},"_links":{"self":[{"href":"https:\/\/lourdesjoias.com.br\/pt_br\/wp-json\/wp\/v2\/product\/4491","targetHints":{"allow":["GET"]}}],"collection":[{"href":"https:\/\/lourdesjoias.com.br\/pt_br\/wp-json\/wp\/v2\/product"}],"about":[{"href":"https:\/\/lourdesjoias.com.br\/pt_br\/wp-json\/wp\/v2\/types\/product"}],"wp:featuredmedia":[{"embeddable":true,"href":"https:\/\/lourdesjoias.com.br\/pt_br\/wp-json\/wp\/v2\/media\/4495"}],"wp:attachment":[{"href":"https:\/\/lourdesjoias.com.br\/pt_br\/wp-json\/wp\/v2\/media?parent=4491"}],"wp:term":[{"taxonomy":"product_brand","embeddable":true,"href":"https:\/\/lourdesjoias.com.br\/pt_br\/wp-json\/wp\/v2\/product_brand?post=4491"},{"taxonomy":"product_cat","embeddable":true,"href":"https:\/\/lourdesjoias.com.br\/pt_br\/wp-json\/wp\/v2\/product_cat?post=4491"},{"taxonomy":"product_tag","embeddable":true,"href":"https:\/\/lourdesjoias.com.br\/pt_br\/wp-json\/wp\/v2\/product_tag?post=4491"}],"curies":[{"name":"wp","href":"https:\/\/api.w.org\/{rel}","templated":true}]}}