{"id":4556,"date":"2025-04-30T15:27:08","date_gmt":"2025-04-30T18:27:08","guid":{"rendered":"https:\/\/lourdesjoias.com.br\/teste\/?post_type=product&#038;p=4556"},"modified":"2025-05-21T16:57:38","modified_gmt":"2025-05-21T19:57:38","slug":"anel-prata-cod-3587","status":"publish","type":"product","link":"https:\/\/lourdesjoias.com.br\/pt_br\/produto\/anel-prata-cod-3587\/","title":{"rendered":"Anel Prata COD: 3587"},"content":{"rendered":"","protected":false},"excerpt":{"rendered":"<p>Anel em prata 925<\/p>\n<p>&nbsp;<\/p>\n<p><strong><em>Consulte valor por WhatsApp<\/em><\/strong><\/p>\n<p>&nbsp;<\/p>\n<p>Aro duplo &#8211; Cravejado &#8211; Pedras brancas de zirc\u00f4nias &#8211; Cora\u00e7\u00f5es<\/p>\n<p>&nbsp;<\/p>\n<p>COD:3587<\/p>\n","protected":false},"featured_media":4557,"template":"","meta":[],"product_brand":[],"product_cat":[56,67],"product_tag":[179,178,474,470,469,120,221,216,132,101,150,89,468,471,243],"class_list":{"0":"post-4556","1":"product","2":"type-product","3":"status-publish","4":"has-post-thumbnail","6":"product_cat-prata","7":"product_cat-anel-prata","8":"product_tag-aneis","9":"product_tag-anel","10":"product_tag-anel-aro-duplo","11":"product_tag-anel-prata","12":"product_tag-anel-prata-925","13":"product_tag-coracao","14":"product_tag-coracoes","15":"product_tag-cravejado","16":"product_tag-joia","17":"product_tag-joias","18":"product_tag-pedras-zirconias","19":"product_tag-prata","20":"product_tag-prata-925","21":"product_tag-prata-legitima","22":"product_tag-zirconias-brancas","24":"first","25":"instock","26":"shipping-taxable","27":"product-type-simple"},"_links":{"self":[{"href":"https:\/\/lourdesjoias.com.br\/pt_br\/wp-json\/wp\/v2\/product\/4556","targetHints":{"allow":["GET"]}}],"collection":[{"href":"https:\/\/lourdesjoias.com.br\/pt_br\/wp-json\/wp\/v2\/product"}],"about":[{"href":"https:\/\/lourdesjoias.com.br\/pt_br\/wp-json\/wp\/v2\/types\/product"}],"wp:featuredmedia":[{"embeddable":true,"href":"https:\/\/lourdesjoias.com.br\/pt_br\/wp-json\/wp\/v2\/media\/4557"}],"wp:attachment":[{"href":"https:\/\/lourdesjoias.com.br\/pt_br\/wp-json\/wp\/v2\/media?parent=4556"}],"wp:term":[{"taxonomy":"product_brand","embeddable":true,"href":"https:\/\/lourdesjoias.com.br\/pt_br\/wp-json\/wp\/v2\/product_brand?post=4556"},{"taxonomy":"product_cat","embeddable":true,"href":"https:\/\/lourdesjoias.com.br\/pt_br\/wp-json\/wp\/v2\/product_cat?post=4556"},{"taxonomy":"product_tag","embeddable":true,"href":"https:\/\/lourdesjoias.com.br\/pt_br\/wp-json\/wp\/v2\/product_tag?post=4556"}],"curies":[{"name":"wp","href":"https:\/\/api.w.org\/{rel}","templated":true}]}}