{"id":4687,"date":"2025-05-02T17:41:19","date_gmt":"2025-05-02T20:41:19","guid":{"rendered":"https:\/\/lourdesjoias.com.br\/teste\/?post_type=product&#038;p=4687"},"modified":"2025-05-21T17:22:09","modified_gmt":"2025-05-21T20:22:09","slug":"anel-prata-cod-3447-4","status":"publish","type":"product","link":"https:\/\/lourdesjoias.com.br\/pt_br\/produto\/anel-prata-cod-3447-4\/","title":{"rendered":"Anel Prata COD: 3447"},"content":{"rendered":"","protected":false},"excerpt":{"rendered":"<p>Anel em prata 925<\/p>\n<p>&nbsp;<\/p>\n<p><strong><em>Consulte valor por WhatsApp<\/em><\/strong><\/p>\n<p>&nbsp;<\/p>\n<p>Pedra de zirc\u00f4nia branca formato cora\u00e7\u00e3o \u2013 Aro cora\u00e7\u00f5es<\/p>\n<p>&nbsp;<\/p>\n<p>COD:3447<\/p>\n","protected":false},"featured_media":4688,"template":"","meta":[],"product_brand":[],"product_cat":[56,67],"product_tag":[179,178,470,469,180,487,120,132,101,116,135,89,468,471,203,117,245,486],"class_list":{"0":"post-4687","1":"product","2":"type-product","3":"status-publish","4":"has-post-thumbnail","6":"product_cat-prata","7":"product_cat-anel-prata","8":"product_tag-aneis","9":"product_tag-anel","10":"product_tag-anel-prata","11":"product_tag-anel-prata-925","12":"product_tag-anel-solitario","13":"product_tag-aro-coracoes","14":"product_tag-coracao","15":"product_tag-joia","16":"product_tag-joias","17":"product_tag-pedra","18":"product_tag-pedra-zirconia","19":"product_tag-prata","20":"product_tag-prata-925","21":"product_tag-prata-legitima","22":"product_tag-trabalhado","23":"product_tag-zirconia","24":"product_tag-zirconia-branca","25":"product_tag-zirconia-coracao","27":"first","28":"instock","29":"shipping-taxable","30":"product-type-simple"},"_links":{"self":[{"href":"https:\/\/lourdesjoias.com.br\/pt_br\/wp-json\/wp\/v2\/product\/4687","targetHints":{"allow":["GET"]}}],"collection":[{"href":"https:\/\/lourdesjoias.com.br\/pt_br\/wp-json\/wp\/v2\/product"}],"about":[{"href":"https:\/\/lourdesjoias.com.br\/pt_br\/wp-json\/wp\/v2\/types\/product"}],"wp:featuredmedia":[{"embeddable":true,"href":"https:\/\/lourdesjoias.com.br\/pt_br\/wp-json\/wp\/v2\/media\/4688"}],"wp:attachment":[{"href":"https:\/\/lourdesjoias.com.br\/pt_br\/wp-json\/wp\/v2\/media?parent=4687"}],"wp:term":[{"taxonomy":"product_brand","embeddable":true,"href":"https:\/\/lourdesjoias.com.br\/pt_br\/wp-json\/wp\/v2\/product_brand?post=4687"},{"taxonomy":"product_cat","embeddable":true,"href":"https:\/\/lourdesjoias.com.br\/pt_br\/wp-json\/wp\/v2\/product_cat?post=4687"},{"taxonomy":"product_tag","embeddable":true,"href":"https:\/\/lourdesjoias.com.br\/pt_br\/wp-json\/wp\/v2\/product_tag?post=4687"}],"curies":[{"name":"wp","href":"https:\/\/api.w.org\/{rel}","templated":true}]}}