{"id":4765,"date":"2025-05-03T12:37:49","date_gmt":"2025-05-03T15:37:49","guid":{"rendered":"https:\/\/lourdesjoias.com.br\/teste\/?post_type=product&#038;p=4765"},"modified":"2025-05-21T17:32:24","modified_gmt":"2025-05-21T20:32:24","slug":"anel-prata-cod-3182","status":"publish","type":"product","link":"https:\/\/lourdesjoias.com.br\/pt_br\/produto\/anel-prata-cod-3182\/","title":{"rendered":"Anel Prata COD: 3182"},"content":{"rendered":"","protected":false},"excerpt":{"rendered":"<p>Anel em prata 925<\/p>\n<p>&nbsp;<\/p>\n<p><strong><em>Consulte valor por WhatsApp<\/em><\/strong><\/p>\n<p>&nbsp;<\/p>\n<p>Trabalhado \u2013 P\u00e9rola sint\u00e9tica &#8211; Cora\u00e7\u00e3o<\/p>\n<p>&nbsp;<\/p>\n<p>COD:3182<\/p>\n","protected":false},"featured_media":4766,"template":"","meta":[],"product_brand":[],"product_cat":[56,67],"product_tag":[179,178,470,469,484,132,101,279,89,468,482,471],"class_list":{"0":"post-4765","1":"product","2":"type-product","3":"status-publish","4":"has-post-thumbnail","6":"product_cat-prata","7":"product_cat-anel-prata","8":"product_tag-aneis","9":"product_tag-anel","10":"product_tag-anel-prata","11":"product_tag-anel-prata-925","12":"product_tag-aro-torcido","13":"product_tag-joia","14":"product_tag-joias","15":"product_tag-perola-sintetica","16":"product_tag-prata","17":"product_tag-prata-925","18":"product_tag-prata-envelhecida","19":"product_tag-prata-legitima","21":"first","22":"instock","23":"shipping-taxable","24":"product-type-simple"},"_links":{"self":[{"href":"https:\/\/lourdesjoias.com.br\/pt_br\/wp-json\/wp\/v2\/product\/4765","targetHints":{"allow":["GET"]}}],"collection":[{"href":"https:\/\/lourdesjoias.com.br\/pt_br\/wp-json\/wp\/v2\/product"}],"about":[{"href":"https:\/\/lourdesjoias.com.br\/pt_br\/wp-json\/wp\/v2\/types\/product"}],"wp:featuredmedia":[{"embeddable":true,"href":"https:\/\/lourdesjoias.com.br\/pt_br\/wp-json\/wp\/v2\/media\/4766"}],"wp:attachment":[{"href":"https:\/\/lourdesjoias.com.br\/pt_br\/wp-json\/wp\/v2\/media?parent=4765"}],"wp:term":[{"taxonomy":"product_brand","embeddable":true,"href":"https:\/\/lourdesjoias.com.br\/pt_br\/wp-json\/wp\/v2\/product_brand?post=4765"},{"taxonomy":"product_cat","embeddable":true,"href":"https:\/\/lourdesjoias.com.br\/pt_br\/wp-json\/wp\/v2\/product_cat?post=4765"},{"taxonomy":"product_tag","embeddable":true,"href":"https:\/\/lourdesjoias.com.br\/pt_br\/wp-json\/wp\/v2\/product_tag?post=4765"}],"curies":[{"name":"wp","href":"https:\/\/api.w.org\/{rel}","templated":true}]}}