{"id":5082,"date":"2025-05-13T18:31:57","date_gmt":"2025-05-13T21:31:57","guid":{"rendered":"https:\/\/lourdesjoias.com.br\/teste\/?post_type=product&#038;p=5082"},"modified":"2025-05-23T13:40:41","modified_gmt":"2025-05-23T16:40:41","slug":"pulseira-prata-cod-3098","status":"publish","type":"product","link":"https:\/\/lourdesjoias.com.br\/pt_br\/produto\/pulseira-prata-cod-3098\/","title":{"rendered":"Pulseira Prata COD: 3098"},"content":{"rendered":"","protected":false},"excerpt":{"rendered":"<p>Pulseira em prata 925<\/p>\n<p>&nbsp;<\/p>\n<p><strong><em>Consulte valor por WhatsApp<\/em><\/strong><\/p>\n<p>&nbsp;<\/p>\n<p>Pingente: S\u00e3o Bento &#8211; Divino Esp\u00edrito Santo &#8211; Nossa Senhora da Aparecida &#8211; Cruz &#8211; Ponto de luz &#8211; Hams\u00e1<\/p>\n<p>&nbsp;<\/p>\n<p>COD:3098<\/p>\n","protected":false},"featured_media":5083,"template":"","meta":[],"product_brand":[],"product_cat":[56,70],"product_tag":[210,343,499,132,101,548,175,89,468,471,145,544,531,532,324],"class_list":{"0":"post-5082","1":"product","2":"type-product","3":"status-publish","4":"has-post-thumbnail","6":"product_cat-prata","7":"product_cat-pulseira-prata","8":"product_tag-cruz","9":"product_tag-divino-espirito-santo","10":"product_tag-hamsa","11":"product_tag-joia","12":"product_tag-joias","13":"product_tag-nossa-senhora-da-aparecida","14":"product_tag-ponto-de-luz","15":"product_tag-prata","16":"product_tag-prata-925","17":"product_tag-prata-legitima","18":"product_tag-pulseira","19":"product_tag-pulseira-pingente","20":"product_tag-pulseira-prata","21":"product_tag-pulseira-prata-925","22":"product_tag-sao-bento","24":"first","25":"instock","26":"shipping-taxable","27":"product-type-simple"},"_links":{"self":[{"href":"https:\/\/lourdesjoias.com.br\/pt_br\/wp-json\/wp\/v2\/product\/5082","targetHints":{"allow":["GET"]}}],"collection":[{"href":"https:\/\/lourdesjoias.com.br\/pt_br\/wp-json\/wp\/v2\/product"}],"about":[{"href":"https:\/\/lourdesjoias.com.br\/pt_br\/wp-json\/wp\/v2\/types\/product"}],"wp:featuredmedia":[{"embeddable":true,"href":"https:\/\/lourdesjoias.com.br\/pt_br\/wp-json\/wp\/v2\/media\/5083"}],"wp:attachment":[{"href":"https:\/\/lourdesjoias.com.br\/pt_br\/wp-json\/wp\/v2\/media?parent=5082"}],"wp:term":[{"taxonomy":"product_brand","embeddable":true,"href":"https:\/\/lourdesjoias.com.br\/pt_br\/wp-json\/wp\/v2\/product_brand?post=5082"},{"taxonomy":"product_cat","embeddable":true,"href":"https:\/\/lourdesjoias.com.br\/pt_br\/wp-json\/wp\/v2\/product_cat?post=5082"},{"taxonomy":"product_tag","embeddable":true,"href":"https:\/\/lourdesjoias.com.br\/pt_br\/wp-json\/wp\/v2\/product_tag?post=5082"}],"curies":[{"name":"wp","href":"https:\/\/api.w.org\/{rel}","templated":true}]}}