{"id":5133,"date":"2025-05-14T12:58:04","date_gmt":"2025-05-14T15:58:04","guid":{"rendered":"https:\/\/lourdesjoias.com.br\/teste\/?post_type=product&#038;p=5133"},"modified":"2025-05-23T13:35:49","modified_gmt":"2025-05-23T16:35:49","slug":"pulseira-prata-cod-3769","status":"publish","type":"product","link":"https:\/\/lourdesjoias.com.br\/pt_br\/produto\/pulseira-prata-cod-3769\/","title":{"rendered":"Pulseira Prata COD: 3769"},"content":{"rendered":"","protected":false},"excerpt":{"rendered":"<p>Pulseira em prata 925<\/p>\n<p>&nbsp;<\/p>\n<p><strong><em>Consulte valor por WhatsApp<\/em><\/strong><\/p>\n<p>&nbsp;<\/p>\n<p>Jesus &#8211; Cora\u00e7\u00e3o &#8211; Zirc\u00f4nia branca<\/p>\n<p>&nbsp;<\/p>\n<p>COD:3769<\/p>\n","protected":false},"featured_media":5134,"template":"","meta":[],"product_brand":[],"product_cat":[56,70],"product_tag":[120,218,132,101,89,468,471,145,555,531,532,123,245],"class_list":{"0":"post-5133","1":"product","2":"type-product","3":"status-publish","4":"has-post-thumbnail","6":"product_cat-prata","7":"product_cat-pulseira-prata","8":"product_tag-coracao","9":"product_tag-jesus","10":"product_tag-joia","11":"product_tag-joias","12":"product_tag-prata","13":"product_tag-prata-925","14":"product_tag-prata-legitima","15":"product_tag-pulseira","16":"product_tag-pulseira-jesus","17":"product_tag-pulseira-prata","18":"product_tag-pulseira-prata-925","19":"product_tag-trabalhada","20":"product_tag-zirconia-branca","22":"first","23":"instock","24":"shipping-taxable","25":"product-type-simple"},"_links":{"self":[{"href":"https:\/\/lourdesjoias.com.br\/pt_br\/wp-json\/wp\/v2\/product\/5133","targetHints":{"allow":["GET"]}}],"collection":[{"href":"https:\/\/lourdesjoias.com.br\/pt_br\/wp-json\/wp\/v2\/product"}],"about":[{"href":"https:\/\/lourdesjoias.com.br\/pt_br\/wp-json\/wp\/v2\/types\/product"}],"wp:featuredmedia":[{"embeddable":true,"href":"https:\/\/lourdesjoias.com.br\/pt_br\/wp-json\/wp\/v2\/media\/5134"}],"wp:attachment":[{"href":"https:\/\/lourdesjoias.com.br\/pt_br\/wp-json\/wp\/v2\/media?parent=5133"}],"wp:term":[{"taxonomy":"product_brand","embeddable":true,"href":"https:\/\/lourdesjoias.com.br\/pt_br\/wp-json\/wp\/v2\/product_brand?post=5133"},{"taxonomy":"product_cat","embeddable":true,"href":"https:\/\/lourdesjoias.com.br\/pt_br\/wp-json\/wp\/v2\/product_cat?post=5133"},{"taxonomy":"product_tag","embeddable":true,"href":"https:\/\/lourdesjoias.com.br\/pt_br\/wp-json\/wp\/v2\/product_tag?post=5133"}],"curies":[{"name":"wp","href":"https:\/\/api.w.org\/{rel}","templated":true}]}}