{"id":5381,"date":"2025-05-20T14:10:19","date_gmt":"2025-05-20T17:10:19","guid":{"rendered":"https:\/\/lourdesjoias.com.br\/teste\/?post_type=product&#038;p=5381"},"modified":"2025-05-23T13:59:49","modified_gmt":"2025-05-23T16:59:49","slug":"gargantilha-prata-cod-3469","status":"publish","type":"product","link":"https:\/\/lourdesjoias.com.br\/pt_br\/produto\/gargantilha-prata-cod-3469\/","title":{"rendered":"Gargantilha Prata COD: 3469"},"content":{"rendered":"","protected":false},"excerpt":{"rendered":"<p>Gargantilha em prata 925<\/p>\n<p>&nbsp;<\/p>\n<p><strong><em>Consulte valor por WhatsApp<\/em><\/strong><\/p>\n<p>&nbsp;<\/p>\n<p>Veneziano \u2013 Pedras brancas de zirc\u00f4nia &#8211; Cora\u00e7\u00f5es &#8211; M\u00e3e &#8211; Alongador<\/p>\n<p>&nbsp;<\/p>\n<p>COD:3469<\/p>\n","protected":false},"featured_media":5383,"template":"","meta":[],"product_brand":[],"product_cat":[56,428],"product_tag":[221,430,581,577,578,132,101,580,89,468,471,203,117,245],"class_list":{"0":"post-5381","1":"product","2":"type-product","3":"status-publish","4":"has-post-thumbnail","6":"product_cat-prata","7":"product_cat-gargantilha-prata","8":"product_tag-coracoes","9":"product_tag-gargantilha","10":"product_tag-gargantilha-mae","11":"product_tag-gargantilha-prata","12":"product_tag-gargantilha-prata-925","13":"product_tag-joia","14":"product_tag-joias","15":"product_tag-mae","16":"product_tag-prata","17":"product_tag-prata-925","18":"product_tag-prata-legitima","19":"product_tag-trabalhado","20":"product_tag-zirconia","21":"product_tag-zirconia-branca","23":"first","24":"instock","25":"shipping-taxable","26":"product-type-simple"},"_links":{"self":[{"href":"https:\/\/lourdesjoias.com.br\/pt_br\/wp-json\/wp\/v2\/product\/5381","targetHints":{"allow":["GET"]}}],"collection":[{"href":"https:\/\/lourdesjoias.com.br\/pt_br\/wp-json\/wp\/v2\/product"}],"about":[{"href":"https:\/\/lourdesjoias.com.br\/pt_br\/wp-json\/wp\/v2\/types\/product"}],"wp:featuredmedia":[{"embeddable":true,"href":"https:\/\/lourdesjoias.com.br\/pt_br\/wp-json\/wp\/v2\/media\/5383"}],"wp:attachment":[{"href":"https:\/\/lourdesjoias.com.br\/pt_br\/wp-json\/wp\/v2\/media?parent=5381"}],"wp:term":[{"taxonomy":"product_brand","embeddable":true,"href":"https:\/\/lourdesjoias.com.br\/pt_br\/wp-json\/wp\/v2\/product_brand?post=5381"},{"taxonomy":"product_cat","embeddable":true,"href":"https:\/\/lourdesjoias.com.br\/pt_br\/wp-json\/wp\/v2\/product_cat?post=5381"},{"taxonomy":"product_tag","embeddable":true,"href":"https:\/\/lourdesjoias.com.br\/pt_br\/wp-json\/wp\/v2\/product_tag?post=5381"}],"curies":[{"name":"wp","href":"https:\/\/api.w.org\/{rel}","templated":true}]}}