{"id":5403,"date":"2025-05-20T16:00:06","date_gmt":"2025-05-20T19:00:06","guid":{"rendered":"https:\/\/lourdesjoias.com.br\/teste\/?post_type=product&#038;p=5403"},"modified":"2025-05-23T14:10:03","modified_gmt":"2025-05-23T17:10:03","slug":"gargantilha-prata-cod-3284","status":"publish","type":"product","link":"https:\/\/lourdesjoias.com.br\/pt_br\/produto\/gargantilha-prata-cod-3284\/","title":{"rendered":"Gargantilha Prata COD: 3284"},"content":{"rendered":"","protected":false},"excerpt":{"rendered":"<p>Gargantilha em prata 925<\/p>\n<p>&nbsp;<\/p>\n<p><strong><em>Consulte valor por WhatsApp<\/em><\/strong><\/p>\n<p>&nbsp;<\/p>\n<p>Ter\u00e7o &#8211; P\u00e9rolas sint\u00e9ticas<\/p>\n<p>&nbsp;<\/p>\n<p>COD:3284<\/p>\n","protected":false},"featured_media":5404,"template":"","meta":[],"product_brand":[],"product_cat":[56,428],"product_tag":[132,101,279,89,468,471,222,583,584,203],"class_list":{"0":"post-5403","1":"product","2":"type-product","3":"status-publish","4":"has-post-thumbnail","6":"product_cat-prata","7":"product_cat-gargantilha-prata","8":"product_tag-joia","9":"product_tag-joias","10":"product_tag-perola-sintetica","11":"product_tag-prata","12":"product_tag-prata-925","13":"product_tag-prata-legitima","14":"product_tag-terco","15":"product_tag-terco-perolas-sinteticas","16":"product_tag-terco-prata","17":"product_tag-trabalhado","19":"first","20":"instock","21":"shipping-taxable","22":"product-type-simple"},"_links":{"self":[{"href":"https:\/\/lourdesjoias.com.br\/pt_br\/wp-json\/wp\/v2\/product\/5403","targetHints":{"allow":["GET"]}}],"collection":[{"href":"https:\/\/lourdesjoias.com.br\/pt_br\/wp-json\/wp\/v2\/product"}],"about":[{"href":"https:\/\/lourdesjoias.com.br\/pt_br\/wp-json\/wp\/v2\/types\/product"}],"wp:featuredmedia":[{"embeddable":true,"href":"https:\/\/lourdesjoias.com.br\/pt_br\/wp-json\/wp\/v2\/media\/5404"}],"wp:attachment":[{"href":"https:\/\/lourdesjoias.com.br\/pt_br\/wp-json\/wp\/v2\/media?parent=5403"}],"wp:term":[{"taxonomy":"product_brand","embeddable":true,"href":"https:\/\/lourdesjoias.com.br\/pt_br\/wp-json\/wp\/v2\/product_brand?post=5403"},{"taxonomy":"product_cat","embeddable":true,"href":"https:\/\/lourdesjoias.com.br\/pt_br\/wp-json\/wp\/v2\/product_cat?post=5403"},{"taxonomy":"product_tag","embeddable":true,"href":"https:\/\/lourdesjoias.com.br\/pt_br\/wp-json\/wp\/v2\/product_tag?post=5403"}],"curies":[{"name":"wp","href":"https:\/\/api.w.org\/{rel}","templated":true}]}}