{"id":5437,"date":"2025-05-20T17:24:42","date_gmt":"2025-05-20T20:24:42","guid":{"rendered":"https:\/\/lourdesjoias.com.br\/teste\/?post_type=product&#038;p=5437"},"modified":"2025-05-23T14:06:36","modified_gmt":"2025-05-23T17:06:36","slug":"pulseira-prata-cod-3965-3","status":"publish","type":"product","link":"https:\/\/lourdesjoias.com.br\/pt_br\/produto\/pulseira-prata-cod-3965-3\/","title":{"rendered":"Pulseira Prata COD: 3965"},"content":{"rendered":"","protected":false},"excerpt":{"rendered":"<p>Pulseira em prata 925<\/p>\n<p>&nbsp;<\/p>\n<p><strong><em>Consulte valor por WhatsApp<\/em><\/strong><\/p>\n<p>&nbsp;<\/p>\n<p>Elo portugu\u00eas &#8211; Cora\u00e7\u00f5es<\/p>\n<p>&nbsp;<\/p>\n<p>COD:3965<\/p>\n","protected":false},"featured_media":5438,"template":"","meta":[],"product_brand":[],"product_cat":[56,70],"product_tag":[221,285,132,101,89,468,471,145,531,532,123],"class_list":{"0":"post-5437","1":"product","2":"type-product","3":"status-publish","4":"has-post-thumbnail","6":"product_cat-prata","7":"product_cat-pulseira-prata","8":"product_tag-coracoes","9":"product_tag-elo-portugues","10":"product_tag-joia","11":"product_tag-joias","12":"product_tag-prata","13":"product_tag-prata-925","14":"product_tag-prata-legitima","15":"product_tag-pulseira","16":"product_tag-pulseira-prata","17":"product_tag-pulseira-prata-925","18":"product_tag-trabalhada","20":"first","21":"instock","22":"shipping-taxable","23":"product-type-simple"},"_links":{"self":[{"href":"https:\/\/lourdesjoias.com.br\/pt_br\/wp-json\/wp\/v2\/product\/5437","targetHints":{"allow":["GET"]}}],"collection":[{"href":"https:\/\/lourdesjoias.com.br\/pt_br\/wp-json\/wp\/v2\/product"}],"about":[{"href":"https:\/\/lourdesjoias.com.br\/pt_br\/wp-json\/wp\/v2\/types\/product"}],"wp:featuredmedia":[{"embeddable":true,"href":"https:\/\/lourdesjoias.com.br\/pt_br\/wp-json\/wp\/v2\/media\/5438"}],"wp:attachment":[{"href":"https:\/\/lourdesjoias.com.br\/pt_br\/wp-json\/wp\/v2\/media?parent=5437"}],"wp:term":[{"taxonomy":"product_brand","embeddable":true,"href":"https:\/\/lourdesjoias.com.br\/pt_br\/wp-json\/wp\/v2\/product_brand?post=5437"},{"taxonomy":"product_cat","embeddable":true,"href":"https:\/\/lourdesjoias.com.br\/pt_br\/wp-json\/wp\/v2\/product_cat?post=5437"},{"taxonomy":"product_tag","embeddable":true,"href":"https:\/\/lourdesjoias.com.br\/pt_br\/wp-json\/wp\/v2\/product_tag?post=5437"}],"curies":[{"name":"wp","href":"https:\/\/api.w.org\/{rel}","templated":true}]}}