{"id":5545,"date":"2025-05-23T18:04:28","date_gmt":"2025-05-23T21:04:28","guid":{"rendered":"https:\/\/lourdesjoias.com.br\/teste\/?post_type=product&#038;p=5545"},"modified":"2025-05-23T18:04:28","modified_gmt":"2025-05-23T21:04:28","slug":"gargantilha-prata-cod-3469-2","status":"publish","type":"product","link":"https:\/\/lourdesjoias.com.br\/pt_br\/produto\/gargantilha-prata-cod-3469-2\/","title":{"rendered":"Gargantilha Prata COD: 3469"},"content":{"rendered":"","protected":false},"excerpt":{"rendered":"<p>Gargantilha em prata 925<\/p>\n<p>&nbsp;<\/p>\n<p><strong><em>Consulte valor por WhatsApp<\/em><\/strong><\/p>\n<p>&nbsp;<\/p>\n<p>Cora\u00e7\u00e3o &#8211; Pontos de luz &#8211; Elo portugu\u00eas<\/p>\n<p>&nbsp;<\/p>\n<p>COD:3469<\/p>\n","protected":false},"featured_media":5546,"template":"","meta":[],"product_brand":[],"product_cat":[56,428],"product_tag":[120,430,620,619,577,578,576,132,101,175,89,468,471],"class_list":{"0":"post-5545","1":"product","2":"type-product","3":"status-publish","4":"has-post-thumbnail","6":"product_cat-prata","7":"product_cat-gargantilha-prata","8":"product_tag-coracao","9":"product_tag-gargantilha","10":"product_tag-gargantilha-ponto-de-luz","11":"product_tag-gargantilha-pontos-de-luz","12":"product_tag-gargantilha-prata","13":"product_tag-gargantilha-prata-925","14":"product_tag-gargantilha-trabalhada","15":"product_tag-joia","16":"product_tag-joias","17":"product_tag-ponto-de-luz","18":"product_tag-prata","19":"product_tag-prata-925","20":"product_tag-prata-legitima","22":"first","23":"instock","24":"shipping-taxable","25":"product-type-simple"},"_links":{"self":[{"href":"https:\/\/lourdesjoias.com.br\/pt_br\/wp-json\/wp\/v2\/product\/5545","targetHints":{"allow":["GET"]}}],"collection":[{"href":"https:\/\/lourdesjoias.com.br\/pt_br\/wp-json\/wp\/v2\/product"}],"about":[{"href":"https:\/\/lourdesjoias.com.br\/pt_br\/wp-json\/wp\/v2\/types\/product"}],"wp:featuredmedia":[{"embeddable":true,"href":"https:\/\/lourdesjoias.com.br\/pt_br\/wp-json\/wp\/v2\/media\/5546"}],"wp:attachment":[{"href":"https:\/\/lourdesjoias.com.br\/pt_br\/wp-json\/wp\/v2\/media?parent=5545"}],"wp:term":[{"taxonomy":"product_brand","embeddable":true,"href":"https:\/\/lourdesjoias.com.br\/pt_br\/wp-json\/wp\/v2\/product_brand?post=5545"},{"taxonomy":"product_cat","embeddable":true,"href":"https:\/\/lourdesjoias.com.br\/pt_br\/wp-json\/wp\/v2\/product_cat?post=5545"},{"taxonomy":"product_tag","embeddable":true,"href":"https:\/\/lourdesjoias.com.br\/pt_br\/wp-json\/wp\/v2\/product_tag?post=5545"}],"curies":[{"name":"wp","href":"https:\/\/api.w.org\/{rel}","templated":true}]}}