{"id":5551,"date":"2025-05-23T18:16:11","date_gmt":"2025-05-23T21:16:11","guid":{"rendered":"https:\/\/lourdesjoias.com.br\/teste\/?post_type=product&#038;p=5551"},"modified":"2025-05-23T18:16:11","modified_gmt":"2025-05-23T21:16:11","slug":"gargantilha-prata-cod-3921","status":"publish","type":"product","link":"https:\/\/lourdesjoias.com.br\/pt_br\/produto\/gargantilha-prata-cod-3921\/","title":{"rendered":"Gargantilha Prata COD: 3921"},"content":{"rendered":"","protected":false},"excerpt":{"rendered":"<p>Gargantilha em prata 925<\/p>\n<p>&nbsp;<\/p>\n<p><strong><em>Consulte valor por WhatsApp<\/em><\/strong><\/p>\n<p>&nbsp;<\/p>\n<p>Zirc\u00f4nia cora\u00e7\u00e3o \u2013 Veneziano<\/p>\n<p>&nbsp;<\/p>\n<p>COD:3921<\/p>\n","protected":false},"featured_media":5552,"template":"","meta":[],"product_brand":[],"product_cat":[56,428],"product_tag":[120,430,432,577,578,132,101,89,468,471,117],"class_list":{"0":"post-5551","1":"product","2":"type-product","3":"status-publish","4":"has-post-thumbnail","6":"product_cat-prata","7":"product_cat-gargantilha-prata","8":"product_tag-coracao","9":"product_tag-gargantilha","10":"product_tag-gargantilha-coracao","11":"product_tag-gargantilha-prata","12":"product_tag-gargantilha-prata-925","13":"product_tag-joia","14":"product_tag-joias","15":"product_tag-prata","16":"product_tag-prata-925","17":"product_tag-prata-legitima","18":"product_tag-zirconia","20":"first","21":"instock","22":"shipping-taxable","23":"product-type-simple"},"_links":{"self":[{"href":"https:\/\/lourdesjoias.com.br\/pt_br\/wp-json\/wp\/v2\/product\/5551","targetHints":{"allow":["GET"]}}],"collection":[{"href":"https:\/\/lourdesjoias.com.br\/pt_br\/wp-json\/wp\/v2\/product"}],"about":[{"href":"https:\/\/lourdesjoias.com.br\/pt_br\/wp-json\/wp\/v2\/types\/product"}],"wp:featuredmedia":[{"embeddable":true,"href":"https:\/\/lourdesjoias.com.br\/pt_br\/wp-json\/wp\/v2\/media\/5552"}],"wp:attachment":[{"href":"https:\/\/lourdesjoias.com.br\/pt_br\/wp-json\/wp\/v2\/media?parent=5551"}],"wp:term":[{"taxonomy":"product_brand","embeddable":true,"href":"https:\/\/lourdesjoias.com.br\/pt_br\/wp-json\/wp\/v2\/product_brand?post=5551"},{"taxonomy":"product_cat","embeddable":true,"href":"https:\/\/lourdesjoias.com.br\/pt_br\/wp-json\/wp\/v2\/product_cat?post=5551"},{"taxonomy":"product_tag","embeddable":true,"href":"https:\/\/lourdesjoias.com.br\/pt_br\/wp-json\/wp\/v2\/product_tag?post=5551"}],"curies":[{"name":"wp","href":"https:\/\/api.w.org\/{rel}","templated":true}]}}