{"id":5726,"date":"2025-05-27T16:35:03","date_gmt":"2025-05-27T19:35:03","guid":{"rendered":"https:\/\/lourdesjoias.com.br\/teste\/?post_type=product&#038;p=5726"},"modified":"2025-05-27T16:35:04","modified_gmt":"2025-05-27T19:35:04","slug":"brinco-prata-cod-3487","status":"publish","type":"product","link":"https:\/\/lourdesjoias.com.br\/pt_br\/produto\/brinco-prata-cod-3487\/","title":{"rendered":"Brinco Prata COD: 3487"},"content":{"rendered":"","protected":false},"excerpt":{"rendered":"<p>Brinco em prata 925<\/p>\n<p>&nbsp;<\/p>\n<p><strong><em>Consulte valor por WhatsApp<\/em><\/strong><\/p>\n<p>&nbsp;<\/p>\n<p>Cora\u00e7\u00e3o &#8211; Cravejado zirc\u00f4nias brancas &#8211; Trabalhado<\/p>\n<p>&nbsp;<\/p>\n<p>COD:3487<\/p>\n","protected":false},"featured_media":5727,"template":"","meta":[],"product_brand":[],"product_cat":[56,68],"product_tag":[246,625,628,626,627,631,120,268,402,132,101,89,468,471,243],"class_list":{"0":"post-5726","1":"product","2":"type-product","3":"status-publish","4":"has-post-thumbnail","6":"product_cat-prata","7":"product_cat-brinco-prata","8":"product_tag-brinco","9":"product_tag-brinco-coracao","10":"product_tag-brinco-cravejado","11":"product_tag-brinco-prata","12":"product_tag-brinco-prata925","13":"product_tag-brinco-trabalhado","14":"product_tag-coracao","15":"product_tag-coracao-cravejado","16":"product_tag-coracao-trabalhado","17":"product_tag-joia","18":"product_tag-joias","19":"product_tag-prata","20":"product_tag-prata-925","21":"product_tag-prata-legitima","22":"product_tag-zirconias-brancas","24":"first","25":"instock","26":"shipping-taxable","27":"product-type-simple"},"_links":{"self":[{"href":"https:\/\/lourdesjoias.com.br\/pt_br\/wp-json\/wp\/v2\/product\/5726","targetHints":{"allow":["GET"]}}],"collection":[{"href":"https:\/\/lourdesjoias.com.br\/pt_br\/wp-json\/wp\/v2\/product"}],"about":[{"href":"https:\/\/lourdesjoias.com.br\/pt_br\/wp-json\/wp\/v2\/types\/product"}],"wp:featuredmedia":[{"embeddable":true,"href":"https:\/\/lourdesjoias.com.br\/pt_br\/wp-json\/wp\/v2\/media\/5727"}],"wp:attachment":[{"href":"https:\/\/lourdesjoias.com.br\/pt_br\/wp-json\/wp\/v2\/media?parent=5726"}],"wp:term":[{"taxonomy":"product_brand","embeddable":true,"href":"https:\/\/lourdesjoias.com.br\/pt_br\/wp-json\/wp\/v2\/product_brand?post=5726"},{"taxonomy":"product_cat","embeddable":true,"href":"https:\/\/lourdesjoias.com.br\/pt_br\/wp-json\/wp\/v2\/product_cat?post=5726"},{"taxonomy":"product_tag","embeddable":true,"href":"https:\/\/lourdesjoias.com.br\/pt_br\/wp-json\/wp\/v2\/product_tag?post=5726"}],"curies":[{"name":"wp","href":"https:\/\/api.w.org\/{rel}","templated":true}]}}