{"id":5782,"date":"2025-05-28T13:34:11","date_gmt":"2025-05-28T16:34:11","guid":{"rendered":"https:\/\/lourdesjoias.com.br\/teste\/?post_type=product&#038;p=5782"},"modified":"2025-05-28T13:34:11","modified_gmt":"2025-05-28T16:34:11","slug":"brinco-prata-cod-3293","status":"publish","type":"product","link":"https:\/\/lourdesjoias.com.br\/pt_br\/produto\/brinco-prata-cod-3293\/","title":{"rendered":"Brinco Prata COD: 3293"},"content":{"rendered":"","protected":false},"excerpt":{"rendered":"<p>Brinco em prata 925<\/p>\n<p>&nbsp;<\/p>\n<p><strong><em>Consulte valor por WhatsApp<\/em><\/strong><\/p>\n<p>&nbsp;<\/p>\n<p>Anzol &#8211; Cora\u00e7\u00e3o &#8211; Zirc\u00f4nia branca<\/p>\n<p>&nbsp;<\/p>\n<p>COD:3293<\/p>\n","protected":false},"featured_media":5783,"template":"","meta":[],"product_brand":[],"product_cat":[56,68],"product_tag":[246,274,626,627,132,101,135,89,468,471,245],"class_list":{"0":"post-5782","1":"product","2":"type-product","3":"status-publish","4":"has-post-thumbnail","6":"product_cat-prata","7":"product_cat-brinco-prata","8":"product_tag-brinco","9":"product_tag-brinco-anzol","10":"product_tag-brinco-prata","11":"product_tag-brinco-prata925","12":"product_tag-joia","13":"product_tag-joias","14":"product_tag-pedra-zirconia","15":"product_tag-prata","16":"product_tag-prata-925","17":"product_tag-prata-legitima","18":"product_tag-zirconia-branca","20":"first","21":"instock","22":"shipping-taxable","23":"product-type-simple"},"_links":{"self":[{"href":"https:\/\/lourdesjoias.com.br\/pt_br\/wp-json\/wp\/v2\/product\/5782","targetHints":{"allow":["GET"]}}],"collection":[{"href":"https:\/\/lourdesjoias.com.br\/pt_br\/wp-json\/wp\/v2\/product"}],"about":[{"href":"https:\/\/lourdesjoias.com.br\/pt_br\/wp-json\/wp\/v2\/types\/product"}],"wp:featuredmedia":[{"embeddable":true,"href":"https:\/\/lourdesjoias.com.br\/pt_br\/wp-json\/wp\/v2\/media\/5783"}],"wp:attachment":[{"href":"https:\/\/lourdesjoias.com.br\/pt_br\/wp-json\/wp\/v2\/media?parent=5782"}],"wp:term":[{"taxonomy":"product_brand","embeddable":true,"href":"https:\/\/lourdesjoias.com.br\/pt_br\/wp-json\/wp\/v2\/product_brand?post=5782"},{"taxonomy":"product_cat","embeddable":true,"href":"https:\/\/lourdesjoias.com.br\/pt_br\/wp-json\/wp\/v2\/product_cat?post=5782"},{"taxonomy":"product_tag","embeddable":true,"href":"https:\/\/lourdesjoias.com.br\/pt_br\/wp-json\/wp\/v2\/product_tag?post=5782"}],"curies":[{"name":"wp","href":"https:\/\/api.w.org\/{rel}","templated":true}]}}