{"id":5889,"date":"2025-05-30T15:02:02","date_gmt":"2025-05-30T18:02:02","guid":{"rendered":"https:\/\/lourdesjoias.com.br\/teste\/?post_type=product&#038;p=5889"},"modified":"2025-08-13T15:00:57","modified_gmt":"2025-08-13T18:00:57","slug":"anel-folheado-cod-9002","status":"publish","type":"product","link":"https:\/\/lourdesjoias.com.br\/pt_br\/produto\/anel-folheado-cod-9002\/","title":{"rendered":"Anel Folheado COD: 9002"},"content":{"rendered":"","protected":false},"excerpt":{"rendered":"<p>Anel banhado em ouro18k<\/p>\n<p>&nbsp;<\/p>\n<p><strong><em>Consulte valor por WhatsApp<\/em><\/strong><\/p>\n<p>&nbsp;<\/p>\n<p>Cora\u00e7\u00e3o &#8211; Zirc\u00f4nias brancas \u2013 Tr\u00eas cores (Representa as cores do ouro: amarelo, vermelho e branco) &#8211; Trabalhado<\/p>\n<p>&nbsp;<\/p>\n<p>COD:9002<\/p>\n","protected":false},"featured_media":5890,"template":"","meta":[],"product_brand":[],"product_cat":[938,854],"product_tag":[156,179,178,673,664,669,221,280,216,665,150,666,203,243],"class_list":{"0":"post-5889","1":"product","2":"type-product","3":"status-publish","4":"has-post-thumbnail","6":"product_cat-anel-folheados","7":"product_cat-folheados","8":"product_tag-3-cores","9":"product_tag-aneis","10":"product_tag-anel","11":"product_tag-anel-coracoes","12":"product_tag-anel-folheado","13":"product_tag-anel-semi-joia","14":"product_tag-coracoes","15":"product_tag-cordao","16":"product_tag-cravejado","17":"product_tag-folheado","18":"product_tag-pedras-zirconias","19":"product_tag-semi-joia","20":"product_tag-trabalhado","21":"product_tag-zirconias-brancas","23":"first","24":"instock","25":"shipping-taxable","26":"product-type-simple"},"_links":{"self":[{"href":"https:\/\/lourdesjoias.com.br\/pt_br\/wp-json\/wp\/v2\/product\/5889","targetHints":{"allow":["GET"]}}],"collection":[{"href":"https:\/\/lourdesjoias.com.br\/pt_br\/wp-json\/wp\/v2\/product"}],"about":[{"href":"https:\/\/lourdesjoias.com.br\/pt_br\/wp-json\/wp\/v2\/types\/product"}],"wp:featuredmedia":[{"embeddable":true,"href":"https:\/\/lourdesjoias.com.br\/pt_br\/wp-json\/wp\/v2\/media\/5890"}],"wp:attachment":[{"href":"https:\/\/lourdesjoias.com.br\/pt_br\/wp-json\/wp\/v2\/media?parent=5889"}],"wp:term":[{"taxonomy":"product_brand","embeddable":true,"href":"https:\/\/lourdesjoias.com.br\/pt_br\/wp-json\/wp\/v2\/product_brand?post=5889"},{"taxonomy":"product_cat","embeddable":true,"href":"https:\/\/lourdesjoias.com.br\/pt_br\/wp-json\/wp\/v2\/product_cat?post=5889"},{"taxonomy":"product_tag","embeddable":true,"href":"https:\/\/lourdesjoias.com.br\/pt_br\/wp-json\/wp\/v2\/product_tag?post=5889"}],"curies":[{"name":"wp","href":"https:\/\/api.w.org\/{rel}","templated":true}]}}