{"id":5906,"date":"2025-05-30T15:32:29","date_gmt":"2025-05-30T18:32:29","guid":{"rendered":"https:\/\/lourdesjoias.com.br\/teste\/?post_type=product&#038;p=5906"},"modified":"2025-08-13T15:00:57","modified_gmt":"2025-08-13T18:00:57","slug":"anel-folheado-cod-9775","status":"publish","type":"product","link":"https:\/\/lourdesjoias.com.br\/pt_br\/produto\/anel-folheado-cod-9775\/","title":{"rendered":"Anel Folheado COD: 9775"},"content":{"rendered":"","protected":false},"excerpt":{"rendered":"<p>Anel banhado em ouro18k<\/p>\n<p>&nbsp;<\/p>\n<p><strong><em>Consulte valor por WhatsApp<\/em><\/strong><\/p>\n<p>&nbsp;<\/p>\n<p>Cora\u00e7\u00e3o &#8211; Trabalhado &#8211; Zirc\u00f4nias cores: Laranja &#8211; Roxa &#8211; Verde<\/p>\n<p>&nbsp;<\/p>\n<p>COD:9775<\/p>\n","protected":false},"featured_media":5907,"template":"","meta":[],"product_brand":[],"product_cat":[938,854],"product_tag":[179,178,673,664,669,492,120,221,665,666,203,485,263,238],"class_list":{"0":"post-5906","1":"product","2":"type-product","3":"status-publish","4":"has-post-thumbnail","6":"product_cat-anel-folheados","7":"product_cat-folheados","8":"product_tag-aneis","9":"product_tag-anel","10":"product_tag-anel-coracoes","11":"product_tag-anel-folheado","12":"product_tag-anel-semi-joia","13":"product_tag-anel-trabalhado","14":"product_tag-coracao","15":"product_tag-coracoes","16":"product_tag-folheado","17":"product_tag-semi-joia","18":"product_tag-trabalhado","19":"product_tag-zirconia-laranja","20":"product_tag-zirconia-roxa","21":"product_tag-zirconia-verde","23":"first","24":"instock","25":"shipping-taxable","26":"product-type-simple"},"_links":{"self":[{"href":"https:\/\/lourdesjoias.com.br\/pt_br\/wp-json\/wp\/v2\/product\/5906","targetHints":{"allow":["GET"]}}],"collection":[{"href":"https:\/\/lourdesjoias.com.br\/pt_br\/wp-json\/wp\/v2\/product"}],"about":[{"href":"https:\/\/lourdesjoias.com.br\/pt_br\/wp-json\/wp\/v2\/types\/product"}],"wp:featuredmedia":[{"embeddable":true,"href":"https:\/\/lourdesjoias.com.br\/pt_br\/wp-json\/wp\/v2\/media\/5907"}],"wp:attachment":[{"href":"https:\/\/lourdesjoias.com.br\/pt_br\/wp-json\/wp\/v2\/media?parent=5906"}],"wp:term":[{"taxonomy":"product_brand","embeddable":true,"href":"https:\/\/lourdesjoias.com.br\/pt_br\/wp-json\/wp\/v2\/product_brand?post=5906"},{"taxonomy":"product_cat","embeddable":true,"href":"https:\/\/lourdesjoias.com.br\/pt_br\/wp-json\/wp\/v2\/product_cat?post=5906"},{"taxonomy":"product_tag","embeddable":true,"href":"https:\/\/lourdesjoias.com.br\/pt_br\/wp-json\/wp\/v2\/product_tag?post=5906"}],"curies":[{"name":"wp","href":"https:\/\/api.w.org\/{rel}","templated":true}]}}