{"id":6009,"date":"2025-05-31T11:37:55","date_gmt":"2025-05-31T14:37:55","guid":{"rendered":"https:\/\/lourdesjoias.com.br\/teste\/?post_type=product&#038;p=6009"},"modified":"2025-08-13T15:00:06","modified_gmt":"2025-08-13T18:00:06","slug":"anel-folheado-cod-9558","status":"publish","type":"product","link":"https:\/\/lourdesjoias.com.br\/pt_br\/produto\/anel-folheado-cod-9558\/","title":{"rendered":"Anel Folheado COD: 9558"},"content":{"rendered":"","protected":false},"excerpt":{"rendered":"<p>Anel banhado em ouro18k<\/p>\n<p>&nbsp;<\/p>\n<p><strong><em>Consulte valor por WhatsApp<\/em><\/strong><\/p>\n<p>&nbsp;<\/p>\n<p>Solit\u00e1rio &#8211; Aro Liso &#8211; Zirc\u00f4nia cora\u00e7\u00e3o verde<\/p>\n<p>&nbsp;<\/p>\n<p>COD:9558<\/p>\n","protected":false},"featured_media":6010,"template":"","meta":[],"product_brand":[],"product_cat":[938,854],"product_tag":[179,178,664,669,180,488,665,666,203,117,486,238],"class_list":{"0":"post-6009","1":"product","2":"type-product","3":"status-publish","4":"has-post-thumbnail","6":"product_cat-anel-folheados","7":"product_cat-folheados","8":"product_tag-aneis","9":"product_tag-anel","10":"product_tag-anel-folheado","11":"product_tag-anel-semi-joia","12":"product_tag-anel-solitario","13":"product_tag-aro-liso","14":"product_tag-folheado","15":"product_tag-semi-joia","16":"product_tag-trabalhado","17":"product_tag-zirconia","18":"product_tag-zirconia-coracao","19":"product_tag-zirconia-verde","21":"first","22":"instock","23":"shipping-taxable","24":"product-type-simple"},"_links":{"self":[{"href":"https:\/\/lourdesjoias.com.br\/pt_br\/wp-json\/wp\/v2\/product\/6009","targetHints":{"allow":["GET"]}}],"collection":[{"href":"https:\/\/lourdesjoias.com.br\/pt_br\/wp-json\/wp\/v2\/product"}],"about":[{"href":"https:\/\/lourdesjoias.com.br\/pt_br\/wp-json\/wp\/v2\/types\/product"}],"wp:featuredmedia":[{"embeddable":true,"href":"https:\/\/lourdesjoias.com.br\/pt_br\/wp-json\/wp\/v2\/media\/6010"}],"wp:attachment":[{"href":"https:\/\/lourdesjoias.com.br\/pt_br\/wp-json\/wp\/v2\/media?parent=6009"}],"wp:term":[{"taxonomy":"product_brand","embeddable":true,"href":"https:\/\/lourdesjoias.com.br\/pt_br\/wp-json\/wp\/v2\/product_brand?post=6009"},{"taxonomy":"product_cat","embeddable":true,"href":"https:\/\/lourdesjoias.com.br\/pt_br\/wp-json\/wp\/v2\/product_cat?post=6009"},{"taxonomy":"product_tag","embeddable":true,"href":"https:\/\/lourdesjoias.com.br\/pt_br\/wp-json\/wp\/v2\/product_tag?post=6009"}],"curies":[{"name":"wp","href":"https:\/\/api.w.org\/{rel}","templated":true}]}}