{"id":6088,"date":"2025-06-03T14:59:46","date_gmt":"2025-06-03T17:59:46","guid":{"rendered":"https:\/\/lourdesjoias.com.br\/teste\/?post_type=product&#038;p=6088"},"modified":"2025-08-13T14:59:27","modified_gmt":"2025-08-13T17:59:27","slug":"anel-folheado-cod-9575-4","status":"publish","type":"product","link":"https:\/\/lourdesjoias.com.br\/pt_br\/produto\/anel-folheado-cod-9575-4\/","title":{"rendered":"Anel Folheado COD: 9575"},"content":{"rendered":"","protected":false},"excerpt":{"rendered":"<p>Anel banhado em ouro18k<\/p>\n<p>&nbsp;<\/p>\n<p><strong><em>Consulte valor por WhatsApp<\/em><\/strong><\/p>\n<p>&nbsp;<\/p>\n<p>Nossa Senhora das Gra\u00e7as &#8211; Zirc\u00f4nias brancas &#8211; Zirc\u00f4nias vermelhas e cruz nas laterais &#8211; Fosco &#8211; Trabalhado<\/p>\n<p>&nbsp;<\/p>\n<p>COD:9575<\/p>\n","protected":false},"featured_media":6089,"template":"","meta":[],"product_brand":[],"product_cat":[938,854],"product_tag":[179,178,501,664,672,669,492,216,665,118,150,666,203,243,677],"class_list":{"0":"post-6088","1":"product","2":"type-product","3":"status-publish","4":"has-post-thumbnail","6":"product_cat-anel-folheados","7":"product_cat-folheados","8":"product_tag-aneis","9":"product_tag-anel","10":"product_tag-anel-cruz","11":"product_tag-anel-folheado","12":"product_tag-anel-nossa-senhora-das-gracas","13":"product_tag-anel-semi-joia","14":"product_tag-anel-trabalhado","15":"product_tag-cravejado","16":"product_tag-folheado","17":"product_tag-fosco","18":"product_tag-pedras-zirconias","19":"product_tag-semi-joia","20":"product_tag-trabalhado","21":"product_tag-zirconias-brancas","22":"product_tag-zirconias-vermelhas","24":"first","25":"instock","26":"shipping-taxable","27":"product-type-simple"},"_links":{"self":[{"href":"https:\/\/lourdesjoias.com.br\/pt_br\/wp-json\/wp\/v2\/product\/6088","targetHints":{"allow":["GET"]}}],"collection":[{"href":"https:\/\/lourdesjoias.com.br\/pt_br\/wp-json\/wp\/v2\/product"}],"about":[{"href":"https:\/\/lourdesjoias.com.br\/pt_br\/wp-json\/wp\/v2\/types\/product"}],"wp:featuredmedia":[{"embeddable":true,"href":"https:\/\/lourdesjoias.com.br\/pt_br\/wp-json\/wp\/v2\/media\/6089"}],"wp:attachment":[{"href":"https:\/\/lourdesjoias.com.br\/pt_br\/wp-json\/wp\/v2\/media?parent=6088"}],"wp:term":[{"taxonomy":"product_brand","embeddable":true,"href":"https:\/\/lourdesjoias.com.br\/pt_br\/wp-json\/wp\/v2\/product_brand?post=6088"},{"taxonomy":"product_cat","embeddable":true,"href":"https:\/\/lourdesjoias.com.br\/pt_br\/wp-json\/wp\/v2\/product_cat?post=6088"},{"taxonomy":"product_tag","embeddable":true,"href":"https:\/\/lourdesjoias.com.br\/pt_br\/wp-json\/wp\/v2\/product_tag?post=6088"}],"curies":[{"name":"wp","href":"https:\/\/api.w.org\/{rel}","templated":true}]}}