{"id":6294,"date":"2025-06-07T10:45:28","date_gmt":"2025-06-07T13:45:28","guid":{"rendered":"https:\/\/lourdesjoias.com.br\/teste\/?post_type=product&#038;p=6294"},"modified":"2025-08-13T14:50:15","modified_gmt":"2025-08-13T17:50:15","slug":"tornozeleira-folheada-cod-9700-2","status":"publish","type":"product","link":"https:\/\/lourdesjoias.com.br\/pt_br\/produto\/tornozeleira-folheada-cod-9700-2\/","title":{"rendered":"Tornozeleira Folheada COD: 9700"},"content":{"rendered":"","protected":false},"excerpt":{"rendered":"<p>Tornozeleira banhada em ouro18k<\/p>\n<p>&nbsp;<\/p>\n<p><strong><em>Consulte valor por WhatsApp<\/em><\/strong><\/p>\n<p>&nbsp;<\/p>\n<p>Veneziano &#8211; P\u00e9rola sint\u00e9tica formato cora\u00e7\u00e3o \u2013 Alongador<\/p>\n<p>&nbsp;<\/p>\n<p>COD:9700<\/p>\n","protected":false},"featured_media":6295,"template":"","meta":[],"product_brand":[],"product_cat":[854,78],"product_tag":[665,279,725,386,724,666,460,720,569,722,123,203],"class_list":{"0":"post-6294","1":"product","2":"type-product","3":"status-publish","4":"has-post-thumbnail","6":"product_cat-folheados","7":"product_cat-tornozeneleira","8":"product_tag-folheado","9":"product_tag-perola-sintetica","10":"product_tag-perola-sintetica-coracao","11":"product_tag-pingente-coracao","12":"product_tag-pingente-coracao-perola-sintetica","13":"product_tag-semi-joia","14":"product_tag-tornozeleira","15":"product_tag-tornozeleira-folheada","16":"product_tag-tornozeleira-pingente","17":"product_tag-tornozeleira-semi-joia","18":"product_tag-trabalhada","19":"product_tag-trabalhado","21":"first","22":"instock","23":"shipping-taxable","24":"product-type-simple"},"_links":{"self":[{"href":"https:\/\/lourdesjoias.com.br\/pt_br\/wp-json\/wp\/v2\/product\/6294","targetHints":{"allow":["GET"]}}],"collection":[{"href":"https:\/\/lourdesjoias.com.br\/pt_br\/wp-json\/wp\/v2\/product"}],"about":[{"href":"https:\/\/lourdesjoias.com.br\/pt_br\/wp-json\/wp\/v2\/types\/product"}],"wp:featuredmedia":[{"embeddable":true,"href":"https:\/\/lourdesjoias.com.br\/pt_br\/wp-json\/wp\/v2\/media\/6295"}],"wp:attachment":[{"href":"https:\/\/lourdesjoias.com.br\/pt_br\/wp-json\/wp\/v2\/media?parent=6294"}],"wp:term":[{"taxonomy":"product_brand","embeddable":true,"href":"https:\/\/lourdesjoias.com.br\/pt_br\/wp-json\/wp\/v2\/product_brand?post=6294"},{"taxonomy":"product_cat","embeddable":true,"href":"https:\/\/lourdesjoias.com.br\/pt_br\/wp-json\/wp\/v2\/product_cat?post=6294"},{"taxonomy":"product_tag","embeddable":true,"href":"https:\/\/lourdesjoias.com.br\/pt_br\/wp-json\/wp\/v2\/product_tag?post=6294"}],"curies":[{"name":"wp","href":"https:\/\/api.w.org\/{rel}","templated":true}]}}