{"id":6449,"date":"2025-06-17T18:15:31","date_gmt":"2025-06-17T21:15:31","guid":{"rendered":"https:\/\/lourdesjoias.com.br\/teste\/?post_type=product&#038;p=6449"},"modified":"2025-08-13T14:42:19","modified_gmt":"2025-08-13T17:42:19","slug":"conjunto-folheado-cod-911005","status":"publish","type":"product","link":"https:\/\/lourdesjoias.com.br\/pt_br\/produto\/conjunto-folheado-cod-911005\/","title":{"rendered":"Conjunto Folheado COD: 911005"},"content":{"rendered":"","protected":false},"excerpt":{"rendered":"<p>Conjunto banhado em ouro18k<\/p>\n<p>&nbsp;<\/p>\n<p><strong><em>Consulte valor por WhatsApp<\/em><\/strong><\/p>\n<p>&nbsp;<\/p>\n<p>Veneziano \u2013 Cora\u00e7\u00e3o &#8211; Zirc\u00f4nias cores variadas<\/p>\n<p>&nbsp;<\/p>\n<p>COD:911005<\/p>\n","protected":false},"featured_media":6451,"template":"","meta":[],"product_brand":[],"product_cat":[854,91],"product_tag":[246,422,752,623,753,120,268,280,216,665,150,213,666,203,117,582],"class_list":{"0":"post-6449","1":"product","2":"type-product","3":"status-publish","4":"has-post-thumbnail","6":"product_cat-folheados","7":"product_cat-conjuntos","8":"product_tag-brinco","9":"product_tag-conjunto","10":"product_tag-conjunto-folheado","11":"product_tag-conjunto-pedras-de-zirconia","12":"product_tag-conjunto-semi-joia","13":"product_tag-coracao","14":"product_tag-coracao-cravejado","15":"product_tag-cordao","16":"product_tag-cravejado","17":"product_tag-folheado","18":"product_tag-pedras-zirconias","19":"product_tag-pingente","20":"product_tag-semi-joia","21":"product_tag-trabalhado","22":"product_tag-zirconia","23":"product_tag-zirconias-cores-variadas","25":"first","26":"instock","27":"shipping-taxable","28":"product-type-simple"},"_links":{"self":[{"href":"https:\/\/lourdesjoias.com.br\/pt_br\/wp-json\/wp\/v2\/product\/6449","targetHints":{"allow":["GET"]}}],"collection":[{"href":"https:\/\/lourdesjoias.com.br\/pt_br\/wp-json\/wp\/v2\/product"}],"about":[{"href":"https:\/\/lourdesjoias.com.br\/pt_br\/wp-json\/wp\/v2\/types\/product"}],"wp:featuredmedia":[{"embeddable":true,"href":"https:\/\/lourdesjoias.com.br\/pt_br\/wp-json\/wp\/v2\/media\/6451"}],"wp:attachment":[{"href":"https:\/\/lourdesjoias.com.br\/pt_br\/wp-json\/wp\/v2\/media?parent=6449"}],"wp:term":[{"taxonomy":"product_brand","embeddable":true,"href":"https:\/\/lourdesjoias.com.br\/pt_br\/wp-json\/wp\/v2\/product_brand?post=6449"},{"taxonomy":"product_cat","embeddable":true,"href":"https:\/\/lourdesjoias.com.br\/pt_br\/wp-json\/wp\/v2\/product_cat?post=6449"},{"taxonomy":"product_tag","embeddable":true,"href":"https:\/\/lourdesjoias.com.br\/pt_br\/wp-json\/wp\/v2\/product_tag?post=6449"}],"curies":[{"name":"wp","href":"https:\/\/api.w.org\/{rel}","templated":true}]}}