{"id":6465,"date":"2025-06-18T13:11:59","date_gmt":"2025-06-18T16:11:59","guid":{"rendered":"https:\/\/lourdesjoias.com.br\/teste\/?post_type=product&#038;p=6465"},"modified":"2025-08-13T14:42:18","modified_gmt":"2025-08-13T17:42:18","slug":"conjunto-folheado-cod-9415","status":"publish","type":"product","link":"https:\/\/lourdesjoias.com.br\/pt_br\/produto\/conjunto-folheado-cod-9415\/","title":{"rendered":"Conjunto Folheado COD: 9415"},"content":{"rendered":"","protected":false},"excerpt":{"rendered":"<p>Conjunto banhado em ouro18k<\/p>\n<p>&nbsp;<\/p>\n<p><strong><em>Consulte valor por WhatsApp<\/em><\/strong><\/p>\n<p>&nbsp;<\/p>\n<p>Veneziano \u2013 Cora\u00e7\u00e3o &#8211; Cravejado &#8211; Zirc\u00f4nia central verde<\/p>\n<p>&nbsp;<\/p>\n<p>COD:9415<\/p>\n","protected":false},"featured_media":6466,"template":"","meta":[],"product_brand":[],"product_cat":[854,91],"product_tag":[246,422,624,752,623,753,755,120,268,280,216,665,150,213,666,203,238,243],"class_list":{"0":"post-6465","1":"product","2":"type-product","3":"status-publish","4":"has-post-thumbnail","6":"product_cat-folheados","7":"product_cat-conjuntos","8":"product_tag-brinco","9":"product_tag-conjunto","10":"product_tag-conjunto-cravejado","11":"product_tag-conjunto-folheado","12":"product_tag-conjunto-pedras-de-zirconia","13":"product_tag-conjunto-semi-joia","14":"product_tag-conjunto-trabalhado","15":"product_tag-coracao","16":"product_tag-coracao-cravejado","17":"product_tag-cordao","18":"product_tag-cravejado","19":"product_tag-folheado","20":"product_tag-pedras-zirconias","21":"product_tag-pingente","22":"product_tag-semi-joia","23":"product_tag-trabalhado","24":"product_tag-zirconia-verde","25":"product_tag-zirconias-brancas","27":"first","28":"instock","29":"shipping-taxable","30":"product-type-simple"},"_links":{"self":[{"href":"https:\/\/lourdesjoias.com.br\/pt_br\/wp-json\/wp\/v2\/product\/6465","targetHints":{"allow":["GET"]}}],"collection":[{"href":"https:\/\/lourdesjoias.com.br\/pt_br\/wp-json\/wp\/v2\/product"}],"about":[{"href":"https:\/\/lourdesjoias.com.br\/pt_br\/wp-json\/wp\/v2\/types\/product"}],"wp:featuredmedia":[{"embeddable":true,"href":"https:\/\/lourdesjoias.com.br\/pt_br\/wp-json\/wp\/v2\/media\/6466"}],"wp:attachment":[{"href":"https:\/\/lourdesjoias.com.br\/pt_br\/wp-json\/wp\/v2\/media?parent=6465"}],"wp:term":[{"taxonomy":"product_brand","embeddable":true,"href":"https:\/\/lourdesjoias.com.br\/pt_br\/wp-json\/wp\/v2\/product_brand?post=6465"},{"taxonomy":"product_cat","embeddable":true,"href":"https:\/\/lourdesjoias.com.br\/pt_br\/wp-json\/wp\/v2\/product_cat?post=6465"},{"taxonomy":"product_tag","embeddable":true,"href":"https:\/\/lourdesjoias.com.br\/pt_br\/wp-json\/wp\/v2\/product_tag?post=6465"}],"curies":[{"name":"wp","href":"https:\/\/api.w.org\/{rel}","templated":true}]}}