{"id":6474,"date":"2025-06-18T14:20:22","date_gmt":"2025-06-18T17:20:22","guid":{"rendered":"https:\/\/lourdesjoias.com.br\/teste\/?post_type=product&#038;p=6474"},"modified":"2025-08-13T14:41:48","modified_gmt":"2025-08-13T17:41:48","slug":"conjunto-folheado-cod-9794","status":"publish","type":"product","link":"https:\/\/lourdesjoias.com.br\/pt_br\/produto\/conjunto-folheado-cod-9794\/","title":{"rendered":"Conjunto Folheado COD: 9794"},"content":{"rendered":"","protected":false},"excerpt":{"rendered":"<p>Conjunto banhado em ouro18k<\/p>\n<p>&nbsp;<\/p>\n<p><strong><em>Consulte valor por WhatsApp<\/em><\/strong><\/p>\n<p>&nbsp;<\/p>\n<p>Veneziano \u2013 Cora\u00e7\u00e3o tr\u00eas cores<\/p>\n<p>&nbsp;<\/p>\n<p>COD:9794<\/p>\n","protected":false},"featured_media":6475,"template":"","meta":[],"product_brand":[],"product_cat":[854,91],"product_tag":[246,422,752,753,755,120,280,665,213,666,203,678],"class_list":{"0":"post-6474","1":"product","2":"type-product","3":"status-publish","4":"has-post-thumbnail","6":"product_cat-folheados","7":"product_cat-conjuntos","8":"product_tag-brinco","9":"product_tag-conjunto","10":"product_tag-conjunto-folheado","11":"product_tag-conjunto-semi-joia","12":"product_tag-conjunto-trabalhado","13":"product_tag-coracao","14":"product_tag-cordao","15":"product_tag-folheado","16":"product_tag-pingente","17":"product_tag-semi-joia","18":"product_tag-trabalhado","19":"product_tag-tres-cores","21":"first","22":"instock","23":"shipping-taxable","24":"product-type-simple"},"_links":{"self":[{"href":"https:\/\/lourdesjoias.com.br\/pt_br\/wp-json\/wp\/v2\/product\/6474","targetHints":{"allow":["GET"]}}],"collection":[{"href":"https:\/\/lourdesjoias.com.br\/pt_br\/wp-json\/wp\/v2\/product"}],"about":[{"href":"https:\/\/lourdesjoias.com.br\/pt_br\/wp-json\/wp\/v2\/types\/product"}],"wp:featuredmedia":[{"embeddable":true,"href":"https:\/\/lourdesjoias.com.br\/pt_br\/wp-json\/wp\/v2\/media\/6475"}],"wp:attachment":[{"href":"https:\/\/lourdesjoias.com.br\/pt_br\/wp-json\/wp\/v2\/media?parent=6474"}],"wp:term":[{"taxonomy":"product_brand","embeddable":true,"href":"https:\/\/lourdesjoias.com.br\/pt_br\/wp-json\/wp\/v2\/product_brand?post=6474"},{"taxonomy":"product_cat","embeddable":true,"href":"https:\/\/lourdesjoias.com.br\/pt_br\/wp-json\/wp\/v2\/product_cat?post=6474"},{"taxonomy":"product_tag","embeddable":true,"href":"https:\/\/lourdesjoias.com.br\/pt_br\/wp-json\/wp\/v2\/product_tag?post=6474"}],"curies":[{"name":"wp","href":"https:\/\/api.w.org\/{rel}","templated":true}]}}