{"id":6614,"date":"2025-06-23T15:11:19","date_gmt":"2025-06-23T18:11:19","guid":{"rendered":"https:\/\/lourdesjoias.com.br\/teste\/?post_type=product&#038;p=6614"},"modified":"2025-08-13T14:47:05","modified_gmt":"2025-08-13T17:47:05","slug":"pingente-folheado-cod-9027","status":"publish","type":"product","link":"https:\/\/lourdesjoias.com.br\/pt_br\/produto\/pingente-folheado-cod-9027\/","title":{"rendered":"Pingente Folheado COD: 9027"},"content":{"rendered":"","protected":false},"excerpt":{"rendered":"<p>Pingente banhado em ouro18k<\/p>\n<p>&nbsp;<\/p>\n<p><strong><em>Consulte valor por WhatsApp<\/em><\/strong><\/p>\n<p>&nbsp;<\/p>\n<p>Zirc\u00f4nias brancas &#8211; P\u00e9rola sint\u00e9tica &#8211; Trabalhado<\/p>\n<p>&nbsp;<\/p>\n<p>COD:9027<\/p>\n","protected":false},"featured_media":6616,"template":"","meta":[],"product_brand":[],"product_cat":[854,79],"product_tag":[665,150,279,765,766,307,666,203,243],"class_list":{"0":"post-6614","1":"product","2":"type-product","3":"status-publish","4":"has-post-thumbnail","6":"product_cat-folheados","7":"product_cat-pingente-semijoias","8":"product_tag-folheado","9":"product_tag-pedras-zirconias","10":"product_tag-perola-sintetica","11":"product_tag-pingente-folheado","12":"product_tag-pingente-semi-joia","13":"product_tag-pingente-trabalhado","14":"product_tag-semi-joia","15":"product_tag-trabalhado","16":"product_tag-zirconias-brancas","18":"first","19":"instock","20":"shipping-taxable","21":"product-type-simple"},"_links":{"self":[{"href":"https:\/\/lourdesjoias.com.br\/pt_br\/wp-json\/wp\/v2\/product\/6614","targetHints":{"allow":["GET"]}}],"collection":[{"href":"https:\/\/lourdesjoias.com.br\/pt_br\/wp-json\/wp\/v2\/product"}],"about":[{"href":"https:\/\/lourdesjoias.com.br\/pt_br\/wp-json\/wp\/v2\/types\/product"}],"wp:featuredmedia":[{"embeddable":true,"href":"https:\/\/lourdesjoias.com.br\/pt_br\/wp-json\/wp\/v2\/media\/6616"}],"wp:attachment":[{"href":"https:\/\/lourdesjoias.com.br\/pt_br\/wp-json\/wp\/v2\/media?parent=6614"}],"wp:term":[{"taxonomy":"product_brand","embeddable":true,"href":"https:\/\/lourdesjoias.com.br\/pt_br\/wp-json\/wp\/v2\/product_brand?post=6614"},{"taxonomy":"product_cat","embeddable":true,"href":"https:\/\/lourdesjoias.com.br\/pt_br\/wp-json\/wp\/v2\/product_cat?post=6614"},{"taxonomy":"product_tag","embeddable":true,"href":"https:\/\/lourdesjoias.com.br\/pt_br\/wp-json\/wp\/v2\/product_tag?post=6614"}],"curies":[{"name":"wp","href":"https:\/\/api.w.org\/{rel}","templated":true}]}}