{"id":6654,"date":"2025-06-23T17:59:02","date_gmt":"2025-06-23T20:59:02","guid":{"rendered":"https:\/\/lourdesjoias.com.br\/teste\/?post_type=product&#038;p=6654"},"modified":"2025-08-13T14:47:04","modified_gmt":"2025-08-13T17:47:04","slug":"pingente-folheado-cod-9634","status":"publish","type":"product","link":"https:\/\/lourdesjoias.com.br\/pt_br\/produto\/pingente-folheado-cod-9634\/","title":{"rendered":"Pingente Folheado COD: 9634"},"content":{"rendered":"","protected":false},"excerpt":{"rendered":"<p>Pingente banhado em ouro18k<\/p>\n<p>&nbsp;<\/p>\n<p><strong><em>Consulte valor por WhatsApp<\/em><\/strong><\/p>\n<p>&nbsp;<\/p>\n<p>Cora\u00e7\u00e3o &#8211; \u00c1rvore da vida \u2013 cravejado zirc\u00f4nias brancas<\/p>\n<p>&nbsp;<\/p>\n<p>COD:9634<\/p>\n","protected":false},"featured_media":6655,"template":"","meta":[],"product_brand":[],"product_cat":[854,79],"product_tag":[713,719,120,268,216,665,150,213,712,386,666,203,243],"class_list":{"0":"post-6654","1":"product","2":"type-product","3":"status-publish","4":"has-post-thumbnail","6":"product_cat-folheados","7":"product_cat-pingente-semijoias","8":"product_tag-arvore","9":"product_tag-arvore-da-vida","10":"product_tag-coracao","11":"product_tag-coracao-cravejado","12":"product_tag-cravejado","13":"product_tag-folheado","14":"product_tag-pedras-zirconias","15":"product_tag-pingente","16":"product_tag-pingente-arvore","17":"product_tag-pingente-coracao","18":"product_tag-semi-joia","19":"product_tag-trabalhado","20":"product_tag-zirconias-brancas","22":"first","23":"instock","24":"shipping-taxable","25":"product-type-simple"},"_links":{"self":[{"href":"https:\/\/lourdesjoias.com.br\/pt_br\/wp-json\/wp\/v2\/product\/6654","targetHints":{"allow":["GET"]}}],"collection":[{"href":"https:\/\/lourdesjoias.com.br\/pt_br\/wp-json\/wp\/v2\/product"}],"about":[{"href":"https:\/\/lourdesjoias.com.br\/pt_br\/wp-json\/wp\/v2\/types\/product"}],"wp:featuredmedia":[{"embeddable":true,"href":"https:\/\/lourdesjoias.com.br\/pt_br\/wp-json\/wp\/v2\/media\/6655"}],"wp:attachment":[{"href":"https:\/\/lourdesjoias.com.br\/pt_br\/wp-json\/wp\/v2\/media?parent=6654"}],"wp:term":[{"taxonomy":"product_brand","embeddable":true,"href":"https:\/\/lourdesjoias.com.br\/pt_br\/wp-json\/wp\/v2\/product_brand?post=6654"},{"taxonomy":"product_cat","embeddable":true,"href":"https:\/\/lourdesjoias.com.br\/pt_br\/wp-json\/wp\/v2\/product_cat?post=6654"},{"taxonomy":"product_tag","embeddable":true,"href":"https:\/\/lourdesjoias.com.br\/pt_br\/wp-json\/wp\/v2\/product_tag?post=6654"}],"curies":[{"name":"wp","href":"https:\/\/api.w.org\/{rel}","templated":true}]}}