{"id":6729,"date":"2025-06-25T15:52:52","date_gmt":"2025-06-25T18:52:52","guid":{"rendered":"https:\/\/lourdesjoias.com.br\/teste\/?post_type=product&#038;p=6729"},"modified":"2025-08-13T14:39:20","modified_gmt":"2025-08-13T17:39:20","slug":"brinco-folheado-cod-9754","status":"publish","type":"product","link":"https:\/\/lourdesjoias.com.br\/pt_br\/produto\/brinco-folheado-cod-9754\/","title":{"rendered":"Brinco Folheado COD: 9754"},"content":{"rendered":"","protected":false},"excerpt":{"rendered":"<p>Brinco infantil banhado em ouro18k<\/p>\n<p>&nbsp;<\/p>\n<p><strong><em>Consulte valor por WhatsApp<\/em><\/strong><\/p>\n<p>&nbsp;<\/p>\n<p>Cora\u00e7\u00e3o &#8211; Zirc\u00f4nias cores variadas &#8211; Trabalhado<\/p>\n<p>&nbsp;<\/p>\n<p>COD:9754<\/p>\n","protected":false},"featured_media":6730,"template":"","meta":[],"product_brand":[],"product_cat":[854,75,226],"product_tag":[246,625,796,248,797,631,754,666,203,582],"class_list":{"0":"post-6729","1":"product","2":"type-product","3":"status-publish","4":"has-post-thumbnail","6":"product_cat-folheados","7":"product_cat-brinco-semijoias","8":"product_cat-infantil-folheados","9":"product_tag-brinco","10":"product_tag-brinco-coracao","11":"product_tag-brinco-folheado","12":"product_tag-brinco-infantil","13":"product_tag-brinco-semi-joia","14":"product_tag-brinco-trabalhado","15":"product_tag-cores-variadas","16":"product_tag-semi-joia","17":"product_tag-trabalhado","18":"product_tag-zirconias-cores-variadas","20":"first","21":"instock","22":"shipping-taxable","23":"product-type-simple"},"_links":{"self":[{"href":"https:\/\/lourdesjoias.com.br\/pt_br\/wp-json\/wp\/v2\/product\/6729","targetHints":{"allow":["GET"]}}],"collection":[{"href":"https:\/\/lourdesjoias.com.br\/pt_br\/wp-json\/wp\/v2\/product"}],"about":[{"href":"https:\/\/lourdesjoias.com.br\/pt_br\/wp-json\/wp\/v2\/types\/product"}],"wp:featuredmedia":[{"embeddable":true,"href":"https:\/\/lourdesjoias.com.br\/pt_br\/wp-json\/wp\/v2\/media\/6730"}],"wp:attachment":[{"href":"https:\/\/lourdesjoias.com.br\/pt_br\/wp-json\/wp\/v2\/media?parent=6729"}],"wp:term":[{"taxonomy":"product_brand","embeddable":true,"href":"https:\/\/lourdesjoias.com.br\/pt_br\/wp-json\/wp\/v2\/product_brand?post=6729"},{"taxonomy":"product_cat","embeddable":true,"href":"https:\/\/lourdesjoias.com.br\/pt_br\/wp-json\/wp\/v2\/product_cat?post=6729"},{"taxonomy":"product_tag","embeddable":true,"href":"https:\/\/lourdesjoias.com.br\/pt_br\/wp-json\/wp\/v2\/product_tag?post=6729"}],"curies":[{"name":"wp","href":"https:\/\/api.w.org\/{rel}","templated":true}]}}