{"id":6918,"date":"2025-06-30T14:40:24","date_gmt":"2025-06-30T17:40:24","guid":{"rendered":"https:\/\/lourdesjoias.com.br\/teste\/?post_type=product&#038;p=6918"},"modified":"2025-08-13T14:37:48","modified_gmt":"2025-08-13T17:37:48","slug":"brinco-folheado-cod-9646","status":"publish","type":"product","link":"https:\/\/lourdesjoias.com.br\/pt_br\/produto\/brinco-folheado-cod-9646\/","title":{"rendered":"Brinco Folheado COD: 9646"},"content":{"rendered":"","protected":false},"excerpt":{"rendered":"<p>Brinco banhado em ouro18k<\/p>\n<p>&nbsp;<\/p>\n<p>Consulte valor por WhatsApp<\/p>\n<p>&nbsp;<\/p>\n<p>Pendurado \u2013 Veneziano \u2013 Cora\u00e7\u00e3o &#8211; Pedra sint\u00e9tica<\/p>\n<p>&nbsp;<\/p>\n<p>COD:9646<\/p>\n","protected":false},"featured_media":6919,"template":"","meta":[],"product_brand":[],"product_cat":[854,75],"product_tag":[246,625,796,276,797,631,120,665,825,666,123,203,282],"class_list":{"0":"post-6918","1":"product","2":"type-product","3":"status-publish","4":"has-post-thumbnail","6":"product_cat-folheados","7":"product_cat-brinco-semijoias","8":"product_tag-brinco","9":"product_tag-brinco-coracao","10":"product_tag-brinco-folheado","11":"product_tag-brinco-pendurado","12":"product_tag-brinco-semi-joia","13":"product_tag-brinco-trabalhado","14":"product_tag-coracao","15":"product_tag-folheado","16":"product_tag-pedra-sintetica","17":"product_tag-semi-joia","18":"product_tag-trabalhada","19":"product_tag-trabalhado","20":"product_tag-veneziano","22":"first","23":"instock","24":"shipping-taxable","25":"product-type-simple"},"_links":{"self":[{"href":"https:\/\/lourdesjoias.com.br\/pt_br\/wp-json\/wp\/v2\/product\/6918","targetHints":{"allow":["GET"]}}],"collection":[{"href":"https:\/\/lourdesjoias.com.br\/pt_br\/wp-json\/wp\/v2\/product"}],"about":[{"href":"https:\/\/lourdesjoias.com.br\/pt_br\/wp-json\/wp\/v2\/types\/product"}],"wp:featuredmedia":[{"embeddable":true,"href":"https:\/\/lourdesjoias.com.br\/pt_br\/wp-json\/wp\/v2\/media\/6919"}],"wp:attachment":[{"href":"https:\/\/lourdesjoias.com.br\/pt_br\/wp-json\/wp\/v2\/media?parent=6918"}],"wp:term":[{"taxonomy":"product_brand","embeddable":true,"href":"https:\/\/lourdesjoias.com.br\/pt_br\/wp-json\/wp\/v2\/product_brand?post=6918"},{"taxonomy":"product_cat","embeddable":true,"href":"https:\/\/lourdesjoias.com.br\/pt_br\/wp-json\/wp\/v2\/product_cat?post=6918"},{"taxonomy":"product_tag","embeddable":true,"href":"https:\/\/lourdesjoias.com.br\/pt_br\/wp-json\/wp\/v2\/product_tag?post=6918"}],"curies":[{"name":"wp","href":"https:\/\/api.w.org\/{rel}","templated":true}]}}