{"id":7108,"date":"2025-07-03T16:02:29","date_gmt":"2025-07-03T19:02:29","guid":{"rendered":"https:\/\/lourdesjoias.com.br\/teste\/?post_type=product&#038;p=7108"},"modified":"2025-07-03T16:02:29","modified_gmt":"2025-07-03T19:02:29","slug":"relogio-cod-102691","status":"publish","type":"product","link":"https:\/\/lourdesjoias.com.br\/pt_br\/produto\/relogio-cod-102691\/","title":{"rendered":"Rel\u00f3gio COD: 102691"},"content":{"rendered":"","protected":false},"excerpt":{"rendered":"<p>Rel\u00f3gio Seculus<\/p>\n<p>&nbsp;<\/p>\n<p><strong><em>Consulte valor por WhatsApp<\/em><\/strong><\/p>\n<p>&nbsp;<\/p>\n<p>Autom\u00e1tico &#8211; Metal &#8211; Mostrador preto &#8211; Calend\u00e1rio duplo &#8211; Totalmente a prova d&#8217;\u00e1gua (100m) &#8211; Trava de seguran\u00e7a no fecho<\/p>\n<p>&nbsp;<\/p>\n<p><strong>Dois anos de garantia do\u00a0<em>funcionamento<\/em><\/strong><\/p>\n<p>&nbsp;<\/p>\n<p>COD:102691<\/p>\n","protected":false},"featured_media":7109,"template":"","meta":[],"product_brand":[],"product_cat":[58,227],"product_tag":[840,831,836,839,834,835,832,833,837,838],"class_list":{"0":"post-7108","1":"product","2":"type-product","3":"status-publish","4":"has-post-thumbnail","6":"product_cat-relogios","7":"product_cat-masculino","8":"product_tag-automatico","9":"product_tag-relogio","10":"product_tag-relogio-a-prova-dagua","11":"product_tag-relogio-automatico","12":"product_tag-relogio-calendario","13":"product_tag-relogio-calendario-duplo","14":"product_tag-relogio-masculino","15":"product_tag-relogio-metal","16":"product_tag-relogio-seculus","17":"product_tag-seculus","19":"first","20":"instock","21":"shipping-taxable","22":"product-type-simple"},"_links":{"self":[{"href":"https:\/\/lourdesjoias.com.br\/pt_br\/wp-json\/wp\/v2\/product\/7108","targetHints":{"allow":["GET"]}}],"collection":[{"href":"https:\/\/lourdesjoias.com.br\/pt_br\/wp-json\/wp\/v2\/product"}],"about":[{"href":"https:\/\/lourdesjoias.com.br\/pt_br\/wp-json\/wp\/v2\/types\/product"}],"wp:featuredmedia":[{"embeddable":true,"href":"https:\/\/lourdesjoias.com.br\/pt_br\/wp-json\/wp\/v2\/media\/7109"}],"wp:attachment":[{"href":"https:\/\/lourdesjoias.com.br\/pt_br\/wp-json\/wp\/v2\/media?parent=7108"}],"wp:term":[{"taxonomy":"product_brand","embeddable":true,"href":"https:\/\/lourdesjoias.com.br\/pt_br\/wp-json\/wp\/v2\/product_brand?post=7108"},{"taxonomy":"product_cat","embeddable":true,"href":"https:\/\/lourdesjoias.com.br\/pt_br\/wp-json\/wp\/v2\/product_cat?post=7108"},{"taxonomy":"product_tag","embeddable":true,"href":"https:\/\/lourdesjoias.com.br\/pt_br\/wp-json\/wp\/v2\/product_tag?post=7108"}],"curies":[{"name":"wp","href":"https:\/\/api.w.org\/{rel}","templated":true}]}}