{"id":7401,"date":"2025-07-12T12:38:17","date_gmt":"2025-07-12T15:38:17","guid":{"rendered":"https:\/\/lourdesjoias.com.br\/teste\/?post_type=product&#038;p=7401"},"modified":"2025-07-12T12:46:54","modified_gmt":"2025-07-12T15:46:54","slug":"relogio-cod-118450","status":"publish","type":"product","link":"https:\/\/lourdesjoias.com.br\/pt_br\/produto\/relogio-cod-118450\/","title":{"rendered":"Rel\u00f3gio COD: 118450"},"content":{"rendered":"","protected":false},"excerpt":{"rendered":"<p>Rel\u00f3gio Technos SmartWatch<\/p>\n<p>&nbsp;<\/p>\n<p><strong><em>Consulte valor por WhatsApp<\/em><\/strong><\/p>\n<p>&nbsp;<\/p>\n<p>SmartWatch \u2013 Monitoramento de mais de 12 esportes &#8211; Bateria de longa dura\u00e7\u00e3o &#8211; Controle de m\u00fasica &#8211; Notifica\u00e7\u00e3o de chamadas e redes sociais &#8211; Conectividade Android e IOS &#8211; Pulseira esteira &#8211; Pulseira silicone brinde &#8211; A prova d\u2019\u00e1gua (50m)<\/p>\n<p>&nbsp;<\/p>\n<p><strong>Um ano de garantia do\u00a0<em>funcionamento<\/em><\/strong><\/p>\n<p>&nbsp;<\/p>\n<p>COD:118450<\/p>\n","protected":false},"featured_media":7411,"template":"","meta":[],"product_brand":[],"product_cat":[58,228,227],"product_tag":[831,836,891,834,878,892,896,895,900,897,898,852,902,899,901],"class_list":{"0":"post-7401","1":"product","2":"type-product","3":"status-publish","4":"has-post-thumbnail","6":"product_cat-relogios","7":"product_cat-feminino","8":"product_cat-masculino","9":"product_tag-relogio","10":"product_tag-relogio-a-prova-dagua","11":"product_tag-relogio-alarme","12":"product_tag-relogio-calendario","13":"product_tag-relogio-cronografo","14":"product_tag-relogio-digital","15":"product_tag-relogio-esportivo","16":"product_tag-relogio-monitor-cardiaco","17":"product_tag-relogio-monitoramento-de-mais-de-12-esportes","18":"product_tag-relogio-smart","19":"product_tag-relogio-smartwatch","20":"product_tag-relogio-technos","21":"product_tag-relogio-technos-connect","22":"product_tag-smartwatch","23":"product_tag-technos-connect","25":"first","26":"instock","27":"shipping-taxable","28":"product-type-simple"},"_links":{"self":[{"href":"https:\/\/lourdesjoias.com.br\/pt_br\/wp-json\/wp\/v2\/product\/7401","targetHints":{"allow":["GET"]}}],"collection":[{"href":"https:\/\/lourdesjoias.com.br\/pt_br\/wp-json\/wp\/v2\/product"}],"about":[{"href":"https:\/\/lourdesjoias.com.br\/pt_br\/wp-json\/wp\/v2\/types\/product"}],"wp:featuredmedia":[{"embeddable":true,"href":"https:\/\/lourdesjoias.com.br\/pt_br\/wp-json\/wp\/v2\/media\/7411"}],"wp:attachment":[{"href":"https:\/\/lourdesjoias.com.br\/pt_br\/wp-json\/wp\/v2\/media?parent=7401"}],"wp:term":[{"taxonomy":"product_brand","embeddable":true,"href":"https:\/\/lourdesjoias.com.br\/pt_br\/wp-json\/wp\/v2\/product_brand?post=7401"},{"taxonomy":"product_cat","embeddable":true,"href":"https:\/\/lourdesjoias.com.br\/pt_br\/wp-json\/wp\/v2\/product_cat?post=7401"},{"taxonomy":"product_tag","embeddable":true,"href":"https:\/\/lourdesjoias.com.br\/pt_br\/wp-json\/wp\/v2\/product_tag?post=7401"}],"curies":[{"name":"wp","href":"https:\/\/api.w.org\/{rel}","templated":true}]}}