{"id":7566,"date":"2025-07-17T13:24:17","date_gmt":"2025-07-17T16:24:17","guid":{"rendered":"https:\/\/lourdesjoias.com.br\/teste\/?post_type=product&#038;p=7566"},"modified":"2025-07-17T13:24:17","modified_gmt":"2025-07-17T16:24:17","slug":"relogio-cod-117065-3","status":"publish","type":"product","link":"https:\/\/lourdesjoias.com.br\/pt_br\/produto\/relogio-cod-117065-3\/","title":{"rendered":"Rel\u00f3gio COD: 117065"},"content":{"rendered":"","protected":false},"excerpt":{"rendered":"<p>Rel\u00f3gio Casio<\/p>\n<p>&nbsp;<\/p>\n<p><strong><em>Consulte valor por WhatsApp<\/em><\/strong><\/p>\n<p>&nbsp;<\/p>\n<p>Digital \u2013 Cron\u00f3grafo \u2013 Calend\u00e1rio \u2013 Alarme \u2013 Resistente a \u00e1gua (N\u00e3o \u00e9 a prova d\u2019\u00e1gua)<\/p>\n<p>&nbsp;<\/p>\n<p><strong>Um ano de garantia do\u00a0<em>funcionamento<\/em><\/strong><\/p>\n<p>&nbsp;<\/p>\n<p>COD:117065<\/p>\n<p>COD:117065<\/p>\n","protected":false},"featured_media":7567,"template":"","meta":[],"product_brand":[],"product_cat":[58,228,227],"product_tag":[831,891,834,880,878,892,848,832,843,868],"class_list":{"0":"post-7566","1":"product","2":"type-product","3":"status-publish","4":"has-post-thumbnail","6":"product_cat-relogios","7":"product_cat-feminino","8":"product_cat-masculino","9":"product_tag-relogio","10":"product_tag-relogio-alarme","11":"product_tag-relogio-calendario","12":"product_tag-relogio-casio","13":"product_tag-relogio-cronografo","14":"product_tag-relogio-digital","15":"product_tag-relogio-feminino","16":"product_tag-relogio-masculino","17":"product_tag-relogio-pulseira-borracha","18":"product_tag-relogio-resistente-a-agua","20":"first","21":"instock","22":"shipping-taxable","23":"product-type-simple"},"_links":{"self":[{"href":"https:\/\/lourdesjoias.com.br\/pt_br\/wp-json\/wp\/v2\/product\/7566","targetHints":{"allow":["GET"]}}],"collection":[{"href":"https:\/\/lourdesjoias.com.br\/pt_br\/wp-json\/wp\/v2\/product"}],"about":[{"href":"https:\/\/lourdesjoias.com.br\/pt_br\/wp-json\/wp\/v2\/types\/product"}],"wp:featuredmedia":[{"embeddable":true,"href":"https:\/\/lourdesjoias.com.br\/pt_br\/wp-json\/wp\/v2\/media\/7567"}],"wp:attachment":[{"href":"https:\/\/lourdesjoias.com.br\/pt_br\/wp-json\/wp\/v2\/media?parent=7566"}],"wp:term":[{"taxonomy":"product_brand","embeddable":true,"href":"https:\/\/lourdesjoias.com.br\/pt_br\/wp-json\/wp\/v2\/product_brand?post=7566"},{"taxonomy":"product_cat","embeddable":true,"href":"https:\/\/lourdesjoias.com.br\/pt_br\/wp-json\/wp\/v2\/product_cat?post=7566"},{"taxonomy":"product_tag","embeddable":true,"href":"https:\/\/lourdesjoias.com.br\/pt_br\/wp-json\/wp\/v2\/product_tag?post=7566"}],"curies":[{"name":"wp","href":"https:\/\/api.w.org\/{rel}","templated":true}]}}