{"id":7571,"date":"2025-07-17T15:43:44","date_gmt":"2025-07-17T18:43:44","guid":{"rendered":"https:\/\/lourdesjoias.com.br\/teste\/?post_type=product&#038;p=7571"},"modified":"2025-07-17T15:43:44","modified_gmt":"2025-07-17T18:43:44","slug":"relogio-cod-117207","status":"publish","type":"product","link":"https:\/\/lourdesjoias.com.br\/pt_br\/produto\/relogio-cod-117207\/","title":{"rendered":"Rel\u00f3gio COD: 117207"},"content":{"rendered":"","protected":false},"excerpt":{"rendered":"<p>Rel\u00f3gio Casio<\/p>\n<p>&nbsp;<\/p>\n<p><strong><em>Consulte valor por WhatsApp<\/em><\/strong><\/p>\n<p>&nbsp;<\/p>\n<p>Digital \u2013 Calculadora &#8211; Alarme \u2013 Cron\u00f3grafo \u2013 Pulseira borracha \u2013 Resistente a \u00e1gua (N\u00e3o \u00e9 a prova d\u2019\u00e1gua)<\/p>\n<p>&nbsp;<\/p>\n<p><strong>Um ano de garantia do\u00a0<em>funcionamento<\/em><\/strong><\/p>\n<p>&nbsp;<\/p>\n<p>COD:117207<\/p>\n","protected":false},"featured_media":7572,"template":"","meta":[],"product_brand":[],"product_cat":[58,228,227],"product_tag":[831,891,909,880,878,892,848,832,843],"class_list":{"0":"post-7571","1":"product","2":"type-product","3":"status-publish","4":"has-post-thumbnail","6":"product_cat-relogios","7":"product_cat-feminino","8":"product_cat-masculino","9":"product_tag-relogio","10":"product_tag-relogio-alarme","11":"product_tag-relogio-calculadora","12":"product_tag-relogio-casio","13":"product_tag-relogio-cronografo","14":"product_tag-relogio-digital","15":"product_tag-relogio-feminino","16":"product_tag-relogio-masculino","17":"product_tag-relogio-pulseira-borracha","19":"first","20":"instock","21":"shipping-taxable","22":"product-type-simple"},"_links":{"self":[{"href":"https:\/\/lourdesjoias.com.br\/pt_br\/wp-json\/wp\/v2\/product\/7571","targetHints":{"allow":["GET"]}}],"collection":[{"href":"https:\/\/lourdesjoias.com.br\/pt_br\/wp-json\/wp\/v2\/product"}],"about":[{"href":"https:\/\/lourdesjoias.com.br\/pt_br\/wp-json\/wp\/v2\/types\/product"}],"wp:featuredmedia":[{"embeddable":true,"href":"https:\/\/lourdesjoias.com.br\/pt_br\/wp-json\/wp\/v2\/media\/7572"}],"wp:attachment":[{"href":"https:\/\/lourdesjoias.com.br\/pt_br\/wp-json\/wp\/v2\/media?parent=7571"}],"wp:term":[{"taxonomy":"product_brand","embeddable":true,"href":"https:\/\/lourdesjoias.com.br\/pt_br\/wp-json\/wp\/v2\/product_brand?post=7571"},{"taxonomy":"product_cat","embeddable":true,"href":"https:\/\/lourdesjoias.com.br\/pt_br\/wp-json\/wp\/v2\/product_cat?post=7571"},{"taxonomy":"product_tag","embeddable":true,"href":"https:\/\/lourdesjoias.com.br\/pt_br\/wp-json\/wp\/v2\/product_tag?post=7571"}],"curies":[{"name":"wp","href":"https:\/\/api.w.org\/{rel}","templated":true}]}}