{"id":7583,"date":"2025-07-17T16:19:46","date_gmt":"2025-07-17T19:19:46","guid":{"rendered":"https:\/\/lourdesjoias.com.br\/teste\/?post_type=product&#038;p=7583"},"modified":"2025-07-17T16:19:46","modified_gmt":"2025-07-17T19:19:46","slug":"relogio-cod-34861","status":"publish","type":"product","link":"https:\/\/lourdesjoias.com.br\/pt_br\/produto\/relogio-cod-34861\/","title":{"rendered":"Rel\u00f3gio COD: 34861"},"content":{"rendered":"","protected":false},"excerpt":{"rendered":"<p>Rel\u00f3gio Condor<\/p>\n<p>&nbsp;<\/p>\n<p><strong><em>Consulte valor por WhatsApp<\/em><\/strong><\/p>\n<p>&nbsp;<\/p>\n<p>Metal \u2013 Calendario \u2013 Resistente a \u00e1gua (N\u00e3o \u00e9 a prova d\u2019\u00e1gua)<\/p>\n<p>&nbsp;<\/p>\n<p><strong>Um ano de garantia do\u00a0<em>funcionamento<\/em><\/strong><\/p>\n<p>&nbsp;<\/p>\n<p>COD:34861<\/p>\n","protected":false},"featured_media":7584,"template":"","meta":[],"product_brand":[],"product_cat":[58,227],"product_tag":[831,834,862,832,833],"class_list":{"0":"post-7583","1":"product","2":"type-product","3":"status-publish","4":"has-post-thumbnail","6":"product_cat-relogios","7":"product_cat-masculino","8":"product_tag-relogio","9":"product_tag-relogio-calendario","10":"product_tag-relogio-condor","11":"product_tag-relogio-masculino","12":"product_tag-relogio-metal","14":"first","15":"instock","16":"shipping-taxable","17":"product-type-simple"},"_links":{"self":[{"href":"https:\/\/lourdesjoias.com.br\/pt_br\/wp-json\/wp\/v2\/product\/7583","targetHints":{"allow":["GET"]}}],"collection":[{"href":"https:\/\/lourdesjoias.com.br\/pt_br\/wp-json\/wp\/v2\/product"}],"about":[{"href":"https:\/\/lourdesjoias.com.br\/pt_br\/wp-json\/wp\/v2\/types\/product"}],"wp:featuredmedia":[{"embeddable":true,"href":"https:\/\/lourdesjoias.com.br\/pt_br\/wp-json\/wp\/v2\/media\/7584"}],"wp:attachment":[{"href":"https:\/\/lourdesjoias.com.br\/pt_br\/wp-json\/wp\/v2\/media?parent=7583"}],"wp:term":[{"taxonomy":"product_brand","embeddable":true,"href":"https:\/\/lourdesjoias.com.br\/pt_br\/wp-json\/wp\/v2\/product_brand?post=7583"},{"taxonomy":"product_cat","embeddable":true,"href":"https:\/\/lourdesjoias.com.br\/pt_br\/wp-json\/wp\/v2\/product_cat?post=7583"},{"taxonomy":"product_tag","embeddable":true,"href":"https:\/\/lourdesjoias.com.br\/pt_br\/wp-json\/wp\/v2\/product_tag?post=7583"}],"curies":[{"name":"wp","href":"https:\/\/api.w.org\/{rel}","templated":true}]}}