{"id":7732,"date":"2025-07-25T13:53:34","date_gmt":"2025-07-25T16:53:34","guid":{"rendered":"https:\/\/lourdesjoias.com.br\/teste\/?post_type=product&#038;p=7732"},"modified":"2025-07-25T13:53:35","modified_gmt":"2025-07-25T16:53:35","slug":"relogio-cod-32099","status":"publish","type":"product","link":"https:\/\/lourdesjoias.com.br\/pt_br\/produto\/relogio-cod-32099\/","title":{"rendered":"Rel\u00f3gio COD: 32099"},"content":{"rendered":"","protected":false},"excerpt":{"rendered":"<p>Rel\u00f3gio Orient Autom\u00e1tico<\/p>\n<p>&nbsp;<\/p>\n<p><strong><em>Consulte valor por WhatsApp<\/em><\/strong><\/p>\n<p>&nbsp;<\/p>\n<p>A\u00e7o \u2013 Mostrador claro \u2013 Somente resistente a \u00e1gua <strong>N\u00e3o \u00e9 a prova d\u2019\u00e1gua<\/strong>\u00a0\u2013 Calend\u00e1rio Duplo<\/p>\n<p>&nbsp;<\/p>\n<p><strong>Um ano de garantia do\u00a0<em>funcionamento<\/em><\/strong><\/p>\n<p>&nbsp;<\/p>\n<p>COD:32099<\/p>\n","protected":false},"featured_media":7733,"template":"","meta":[],"product_brand":[],"product_cat":[58,228,227],"product_tag":[831,913,839,835,848,832,841,868],"class_list":{"0":"post-7732","1":"product","2":"type-product","3":"status-publish","4":"has-post-thumbnail","6":"product_cat-relogios","7":"product_cat-feminino","8":"product_cat-masculino","9":"product_tag-relogio","10":"product_tag-relogio-aco","11":"product_tag-relogio-automatico","12":"product_tag-relogio-calendario-duplo","13":"product_tag-relogio-feminino","14":"product_tag-relogio-masculino","15":"product_tag-relogio-orient","16":"product_tag-relogio-resistente-a-agua","18":"first","19":"instock","20":"shipping-taxable","21":"product-type-simple"},"_links":{"self":[{"href":"https:\/\/lourdesjoias.com.br\/pt_br\/wp-json\/wp\/v2\/product\/7732","targetHints":{"allow":["GET"]}}],"collection":[{"href":"https:\/\/lourdesjoias.com.br\/pt_br\/wp-json\/wp\/v2\/product"}],"about":[{"href":"https:\/\/lourdesjoias.com.br\/pt_br\/wp-json\/wp\/v2\/types\/product"}],"wp:featuredmedia":[{"embeddable":true,"href":"https:\/\/lourdesjoias.com.br\/pt_br\/wp-json\/wp\/v2\/media\/7733"}],"wp:attachment":[{"href":"https:\/\/lourdesjoias.com.br\/pt_br\/wp-json\/wp\/v2\/media?parent=7732"}],"wp:term":[{"taxonomy":"product_brand","embeddable":true,"href":"https:\/\/lourdesjoias.com.br\/pt_br\/wp-json\/wp\/v2\/product_brand?post=7732"},{"taxonomy":"product_cat","embeddable":true,"href":"https:\/\/lourdesjoias.com.br\/pt_br\/wp-json\/wp\/v2\/product_cat?post=7732"},{"taxonomy":"product_tag","embeddable":true,"href":"https:\/\/lourdesjoias.com.br\/pt_br\/wp-json\/wp\/v2\/product_tag?post=7732"}],"curies":[{"name":"wp","href":"https:\/\/api.w.org\/{rel}","templated":true}]}}