{"id":8017,"date":"2025-08-04T10:41:32","date_gmt":"2025-08-04T13:41:32","guid":{"rendered":"https:\/\/lourdesjoias.com.br\/teste\/?post_type=product&#038;p=8017"},"modified":"2025-08-04T10:42:03","modified_gmt":"2025-08-04T13:42:03","slug":"relogio-cod-34812","status":"publish","type":"product","link":"https:\/\/lourdesjoias.com.br\/pt_br\/produto\/relogio-cod-34812\/","title":{"rendered":"Rel\u00f3gio COD: 34812"},"content":{"rendered":"","protected":false},"excerpt":{"rendered":"<p>Rel\u00f3gio Condor<\/p>\n<p>&nbsp;<\/p>\n<p><strong><em>Consulte valor por WhatsApp<\/em><\/strong><\/p>\n<p>&nbsp;<\/p>\n<p>Metal dourado \u2013 Somente resistente a \u00e1gua (30m) <em>N\u00c3O \u00c9 A PROVA D&#8217;\u00c1GUA<\/em> \u2013 Mostrador trabalhado<\/p>\n<p>&nbsp;<\/p>\n<p><strong>Um ano de garantia do\u00a0<em>funcionamento<\/em><\/strong><\/p>\n<p>&nbsp;<\/p>\n<p>COD:34812<\/p>\n","protected":false},"featured_media":8018,"template":"","meta":[],"product_brand":[],"product_cat":[58,228],"product_tag":[831,862,848,850,868],"class_list":{"0":"post-8017","1":"product","2":"type-product","3":"status-publish","4":"has-post-thumbnail","6":"product_cat-relogios","7":"product_cat-feminino","8":"product_tag-relogio","9":"product_tag-relogio-condor","10":"product_tag-relogio-feminino","11":"product_tag-relogio-metal-dourado","12":"product_tag-relogio-resistente-a-agua","14":"first","15":"instock","16":"shipping-taxable","17":"product-type-simple"},"_links":{"self":[{"href":"https:\/\/lourdesjoias.com.br\/pt_br\/wp-json\/wp\/v2\/product\/8017","targetHints":{"allow":["GET"]}}],"collection":[{"href":"https:\/\/lourdesjoias.com.br\/pt_br\/wp-json\/wp\/v2\/product"}],"about":[{"href":"https:\/\/lourdesjoias.com.br\/pt_br\/wp-json\/wp\/v2\/types\/product"}],"wp:featuredmedia":[{"embeddable":true,"href":"https:\/\/lourdesjoias.com.br\/pt_br\/wp-json\/wp\/v2\/media\/8018"}],"wp:attachment":[{"href":"https:\/\/lourdesjoias.com.br\/pt_br\/wp-json\/wp\/v2\/media?parent=8017"}],"wp:term":[{"taxonomy":"product_brand","embeddable":true,"href":"https:\/\/lourdesjoias.com.br\/pt_br\/wp-json\/wp\/v2\/product_brand?post=8017"},{"taxonomy":"product_cat","embeddable":true,"href":"https:\/\/lourdesjoias.com.br\/pt_br\/wp-json\/wp\/v2\/product_cat?post=8017"},{"taxonomy":"product_tag","embeddable":true,"href":"https:\/\/lourdesjoias.com.br\/pt_br\/wp-json\/wp\/v2\/product_tag?post=8017"}],"curies":[{"name":"wp","href":"https:\/\/api.w.org\/{rel}","templated":true}]}}