{"id":8210,"date":"2025-08-05T15:43:59","date_gmt":"2025-08-05T18:43:59","guid":{"rendered":"https:\/\/lourdesjoias.com.br\/teste\/?post_type=product&#038;p=8210"},"modified":"2025-08-05T15:43:59","modified_gmt":"2025-08-05T18:43:59","slug":"relogio-cod-112549","status":"publish","type":"product","link":"https:\/\/lourdesjoias.com.br\/pt_br\/produto\/relogio-cod-112549\/","title":{"rendered":"Rel\u00f3gio COD: 112549"},"content":{"rendered":"","protected":false},"excerpt":{"rendered":"<p>Rel\u00f3gio Mondaine<\/p>\n<p>&nbsp;<\/p>\n<p><strong><em>Consulte valor por WhatsApp<\/em><\/strong><\/p>\n<p>&nbsp;<\/p>\n<p>Metal \u2013 Calend\u00e1rio \u2013 <em><strong>N\u00e3o \u00e9 a prova d\u2019\u00e1gua <\/strong><\/em><span style=\"font-size: 1rem\">Somente resistente a \u00e1gua &#8211; Cora\u00e7\u00f5es no mostrador\u00a0<\/span><\/p>\n<p>&nbsp;<\/p>\n<p><strong>Um ano de garantia do\u00a0<em>funcionamento<\/em><\/strong><\/p>\n<p>&nbsp;<\/p>\n<p>COD:112549<\/p>\n","protected":false},"featured_media":8212,"template":"","meta":[],"product_brand":[],"product_cat":[58,228],"product_tag":[831,834,848,833,915,851,868],"class_list":{"0":"post-8210","1":"product","2":"type-product","3":"status-publish","4":"has-post-thumbnail","6":"product_cat-relogios","7":"product_cat-feminino","8":"product_tag-relogio","9":"product_tag-relogio-calendario","10":"product_tag-relogio-feminino","11":"product_tag-relogio-metal","12":"product_tag-relogio-mondaine","13":"product_tag-relogio-quadrado","14":"product_tag-relogio-resistente-a-agua","16":"first","17":"instock","18":"shipping-taxable","19":"product-type-simple"},"_links":{"self":[{"href":"https:\/\/lourdesjoias.com.br\/pt_br\/wp-json\/wp\/v2\/product\/8210","targetHints":{"allow":["GET"]}}],"collection":[{"href":"https:\/\/lourdesjoias.com.br\/pt_br\/wp-json\/wp\/v2\/product"}],"about":[{"href":"https:\/\/lourdesjoias.com.br\/pt_br\/wp-json\/wp\/v2\/types\/product"}],"wp:featuredmedia":[{"embeddable":true,"href":"https:\/\/lourdesjoias.com.br\/pt_br\/wp-json\/wp\/v2\/media\/8212"}],"wp:attachment":[{"href":"https:\/\/lourdesjoias.com.br\/pt_br\/wp-json\/wp\/v2\/media?parent=8210"}],"wp:term":[{"taxonomy":"product_brand","embeddable":true,"href":"https:\/\/lourdesjoias.com.br\/pt_br\/wp-json\/wp\/v2\/product_brand?post=8210"},{"taxonomy":"product_cat","embeddable":true,"href":"https:\/\/lourdesjoias.com.br\/pt_br\/wp-json\/wp\/v2\/product_cat?post=8210"},{"taxonomy":"product_tag","embeddable":true,"href":"https:\/\/lourdesjoias.com.br\/pt_br\/wp-json\/wp\/v2\/product_tag?post=8210"}],"curies":[{"name":"wp","href":"https:\/\/api.w.org\/{rel}","templated":true}]}}