{"id":8438,"date":"2025-08-11T15:52:52","date_gmt":"2025-08-11T18:52:52","guid":{"rendered":"https:\/\/lourdesjoias.com.br\/teste\/?post_type=product&#038;p=8438"},"modified":"2025-08-11T15:52:52","modified_gmt":"2025-08-11T18:52:52","slug":"relogio-cod-34756","status":"publish","type":"product","link":"https:\/\/lourdesjoias.com.br\/pt_br\/produto\/relogio-cod-34756\/","title":{"rendered":"Rel\u00f3gio COD: 34756"},"content":{"rendered":"","protected":false},"excerpt":{"rendered":"<p>Rel\u00f3gio Condor<\/p>\n<p>&nbsp;<\/p>\n<p><strong><em>Consulte valor por WhatsApp<\/em><\/strong><\/p>\n<p>&nbsp;<\/p>\n<p>Kit (Acompanha lindo conjunto folheado) &#8211; Digital &#8211; Metal preto \u2013 Calendario \u2013 A prova d\u2019\u00e1gua (50m) &#8211; N\u00e3o \u00e9 a prova d\u2019\u00e1gua (somente resistente)<\/p>\n<p>&nbsp;<\/p>\n<p><strong>Um ano de garantia do\u00a0<em>funcionamento<\/em><\/strong><\/p>\n<p>&nbsp;<\/p>\n<p>COD:34756<\/p>\n","protected":false},"featured_media":8439,"template":"","meta":[],"product_brand":[],"product_cat":[58,228,227],"product_tag":[831,892,928,848,866,832,833,875,868],"class_list":{"0":"post-8438","1":"product","2":"type-product","3":"status-publish","4":"has-post-thumbnail","6":"product_cat-relogios","7":"product_cat-feminino","8":"product_cat-masculino","9":"product_tag-relogio","10":"product_tag-relogio-digital","11":"product_tag-relogio-e-conjunto-folheado","12":"product_tag-relogio-feminino","13":"product_tag-relogio-kit","14":"product_tag-relogio-masculino","15":"product_tag-relogio-metal","16":"product_tag-relogio-mormaii","17":"product_tag-relogio-resistente-a-agua","19":"first","20":"instock","21":"shipping-taxable","22":"product-type-simple"},"_links":{"self":[{"href":"https:\/\/lourdesjoias.com.br\/pt_br\/wp-json\/wp\/v2\/product\/8438","targetHints":{"allow":["GET"]}}],"collection":[{"href":"https:\/\/lourdesjoias.com.br\/pt_br\/wp-json\/wp\/v2\/product"}],"about":[{"href":"https:\/\/lourdesjoias.com.br\/pt_br\/wp-json\/wp\/v2\/types\/product"}],"wp:featuredmedia":[{"embeddable":true,"href":"https:\/\/lourdesjoias.com.br\/pt_br\/wp-json\/wp\/v2\/media\/8439"}],"wp:attachment":[{"href":"https:\/\/lourdesjoias.com.br\/pt_br\/wp-json\/wp\/v2\/media?parent=8438"}],"wp:term":[{"taxonomy":"product_brand","embeddable":true,"href":"https:\/\/lourdesjoias.com.br\/pt_br\/wp-json\/wp\/v2\/product_brand?post=8438"},{"taxonomy":"product_cat","embeddable":true,"href":"https:\/\/lourdesjoias.com.br\/pt_br\/wp-json\/wp\/v2\/product_cat?post=8438"},{"taxonomy":"product_tag","embeddable":true,"href":"https:\/\/lourdesjoias.com.br\/pt_br\/wp-json\/wp\/v2\/product_tag?post=8438"}],"curies":[{"name":"wp","href":"https:\/\/api.w.org\/{rel}","templated":true}]}}