{"id":8442,"date":"2025-08-11T16:48:22","date_gmt":"2025-08-11T19:48:22","guid":{"rendered":"https:\/\/lourdesjoias.com.br\/teste\/?post_type=product&#038;p=8442"},"modified":"2025-08-11T16:48:22","modified_gmt":"2025-08-11T19:48:22","slug":"relogio-cod-112229","status":"publish","type":"product","link":"https:\/\/lourdesjoias.com.br\/pt_br\/produto\/relogio-cod-112229\/","title":{"rendered":"Rel\u00f3gio COD: 112229"},"content":{"rendered":"","protected":false},"excerpt":{"rendered":"<p>Rel\u00f3gio Mondaine<\/p>\n<p>&nbsp;<\/p>\n<p><strong><em>Consulte valor por WhatsApp<\/em><\/strong><\/p>\n<p>&nbsp;<\/p>\n<p>Acr\u00edlico \u2013 Somente resistente a \u00e1gua <em><strong>N\u00e3o \u00e9 a prova d\u2019\u00e1gua<\/strong><\/em> \u2013 Zirc\u00f4nias brancas no mostrador &#8211; Calend\u00e1rio<\/p>\n<p>&nbsp;<\/p>\n<p><strong>Um ano de garantia do\u00a0<em>funcionamento<\/em><\/strong><\/p>\n<p>&nbsp;<\/p>\n<p>COD:112229<\/p>\n","protected":false},"featured_media":8443,"template":"","meta":[],"product_brand":[],"product_cat":[58,228],"product_tag":[831,935,834,848,915,868,243],"class_list":{"0":"post-8442","1":"product","2":"type-product","3":"status-publish","4":"has-post-thumbnail","6":"product_cat-relogios","7":"product_cat-feminino","8":"product_tag-relogio","9":"product_tag-relogio-acrilico","10":"product_tag-relogio-calendario","11":"product_tag-relogio-feminino","12":"product_tag-relogio-mondaine","13":"product_tag-relogio-resistente-a-agua","14":"product_tag-zirconias-brancas","16":"first","17":"instock","18":"shipping-taxable","19":"product-type-simple"},"_links":{"self":[{"href":"https:\/\/lourdesjoias.com.br\/pt_br\/wp-json\/wp\/v2\/product\/8442","targetHints":{"allow":["GET"]}}],"collection":[{"href":"https:\/\/lourdesjoias.com.br\/pt_br\/wp-json\/wp\/v2\/product"}],"about":[{"href":"https:\/\/lourdesjoias.com.br\/pt_br\/wp-json\/wp\/v2\/types\/product"}],"wp:featuredmedia":[{"embeddable":true,"href":"https:\/\/lourdesjoias.com.br\/pt_br\/wp-json\/wp\/v2\/media\/8443"}],"wp:attachment":[{"href":"https:\/\/lourdesjoias.com.br\/pt_br\/wp-json\/wp\/v2\/media?parent=8442"}],"wp:term":[{"taxonomy":"product_brand","embeddable":true,"href":"https:\/\/lourdesjoias.com.br\/pt_br\/wp-json\/wp\/v2\/product_brand?post=8442"},{"taxonomy":"product_cat","embeddable":true,"href":"https:\/\/lourdesjoias.com.br\/pt_br\/wp-json\/wp\/v2\/product_cat?post=8442"},{"taxonomy":"product_tag","embeddable":true,"href":"https:\/\/lourdesjoias.com.br\/pt_br\/wp-json\/wp\/v2\/product_tag?post=8442"}],"curies":[{"name":"wp","href":"https:\/\/api.w.org\/{rel}","templated":true}]}}