{"id":8795,"date":"2025-08-18T13:29:08","date_gmt":"2025-08-18T16:29:08","guid":{"rendered":"https:\/\/lourdesjoias.com.br\/?post_type=product&#038;p=8795"},"modified":"2025-08-18T13:29:08","modified_gmt":"2025-08-18T16:29:08","slug":"caneta-cod-16071-5","status":"publish","type":"product","link":"https:\/\/lourdesjoias.com.br\/pt_br\/produto\/caneta-cod-16071-5\/","title":{"rendered":"Caneta COD: 16071"},"content":{"rendered":"","protected":false},"excerpt":{"rendered":"<p>Caneta Crown<\/p>\n<p>&nbsp;<\/p>\n<p><strong><em>Consulte valor por WhatsApp<\/em><\/strong><\/p>\n<p>&nbsp;<\/p>\n<p>Trabalhada \u2013 Branca com cora\u00e7\u00f5es a palavra &#8220;obrigada&#8221; em v\u00e1rios idiomas \u2013 Detalhes prateado<\/p>\n<p>&nbsp;<\/p>\n<p>COD:16071<\/p>\n","protected":false},"featured_media":8796,"template":"","meta":[],"product_brand":[],"product_cat":[950,15],"product_tag":[951,973,958,952,985,986],"class_list":{"0":"post-8795","1":"product","2":"type-product","3":"status-publish","4":"has-post-thumbnail","6":"product_cat-canetas","7":"product_cat-diversos","8":"product_tag-caneta","9":"product_tag-caneta-branca","10":"product_tag-caneta-com-detalhes-prateados","11":"product_tag-caneta-crown","12":"product_tag-caneta-obrigada","13":"product_tag-obrigada-em-varios-idiomas","15":"first","16":"instock","17":"shipping-taxable","18":"product-type-simple"},"_links":{"self":[{"href":"https:\/\/lourdesjoias.com.br\/pt_br\/wp-json\/wp\/v2\/product\/8795","targetHints":{"allow":["GET"]}}],"collection":[{"href":"https:\/\/lourdesjoias.com.br\/pt_br\/wp-json\/wp\/v2\/product"}],"about":[{"href":"https:\/\/lourdesjoias.com.br\/pt_br\/wp-json\/wp\/v2\/types\/product"}],"wp:featuredmedia":[{"embeddable":true,"href":"https:\/\/lourdesjoias.com.br\/pt_br\/wp-json\/wp\/v2\/media\/8796"}],"wp:attachment":[{"href":"https:\/\/lourdesjoias.com.br\/pt_br\/wp-json\/wp\/v2\/media?parent=8795"}],"wp:term":[{"taxonomy":"product_brand","embeddable":true,"href":"https:\/\/lourdesjoias.com.br\/pt_br\/wp-json\/wp\/v2\/product_brand?post=8795"},{"taxonomy":"product_cat","embeddable":true,"href":"https:\/\/lourdesjoias.com.br\/pt_br\/wp-json\/wp\/v2\/product_cat?post=8795"},{"taxonomy":"product_tag","embeddable":true,"href":"https:\/\/lourdesjoias.com.br\/pt_br\/wp-json\/wp\/v2\/product_tag?post=8795"}],"curies":[{"name":"wp","href":"https:\/\/api.w.org\/{rel}","templated":true}]}}