{"id":9022,"date":"2025-08-27T15:34:23","date_gmt":"2025-08-27T18:34:23","guid":{"rendered":"https:\/\/lourdesjoias.com.br\/?post_type=product&#038;p=9022"},"modified":"2025-08-27T15:34:23","modified_gmt":"2025-08-27T18:34:23","slug":"brinco-folheado-cod-911055-3","status":"publish","type":"product","link":"https:\/\/lourdesjoias.com.br\/pt_br\/produto\/brinco-folheado-cod-911055-3\/","title":{"rendered":"Brinco Folheado COD: 911055"},"content":{"rendered":"","protected":false},"excerpt":{"rendered":"<p>Brinco banhado em ouro18k<\/p>\n<p>&nbsp;<\/p>\n<p><strong><em>Consulte valor por WhatsApp<\/em><\/strong><\/p>\n<p>&nbsp;<\/p>\n<p>Cora\u00e7\u00e3o &#8211; Cravejado &#8211; Zirc\u00f4nias brancas &#8211; Pontos de luz &#8211; Pendurado<\/p>\n<p>&nbsp;<\/p>\n<p>COD:911055<\/p>\n","protected":false},"featured_media":9023,"template":"","meta":[],"product_brand":[],"product_cat":[854,75],"product_tag":[246,625,628,796,276,258,797,268],"class_list":{"0":"post-9022","1":"product","2":"type-product","3":"status-publish","4":"has-post-thumbnail","6":"product_cat-folheados","7":"product_cat-brinco-semijoias","8":"product_tag-brinco","9":"product_tag-brinco-coracao","10":"product_tag-brinco-cravejado","11":"product_tag-brinco-folheado","12":"product_tag-brinco-pendurado","13":"product_tag-brinco-ponto-de-luz","14":"product_tag-brinco-semi-joia","15":"product_tag-coracao-cravejado","17":"first","18":"instock","19":"shipping-taxable","20":"product-type-simple"},"_links":{"self":[{"href":"https:\/\/lourdesjoias.com.br\/pt_br\/wp-json\/wp\/v2\/product\/9022","targetHints":{"allow":["GET"]}}],"collection":[{"href":"https:\/\/lourdesjoias.com.br\/pt_br\/wp-json\/wp\/v2\/product"}],"about":[{"href":"https:\/\/lourdesjoias.com.br\/pt_br\/wp-json\/wp\/v2\/types\/product"}],"wp:featuredmedia":[{"embeddable":true,"href":"https:\/\/lourdesjoias.com.br\/pt_br\/wp-json\/wp\/v2\/media\/9023"}],"wp:attachment":[{"href":"https:\/\/lourdesjoias.com.br\/pt_br\/wp-json\/wp\/v2\/media?parent=9022"}],"wp:term":[{"taxonomy":"product_brand","embeddable":true,"href":"https:\/\/lourdesjoias.com.br\/pt_br\/wp-json\/wp\/v2\/product_brand?post=9022"},{"taxonomy":"product_cat","embeddable":true,"href":"https:\/\/lourdesjoias.com.br\/pt_br\/wp-json\/wp\/v2\/product_cat?post=9022"},{"taxonomy":"product_tag","embeddable":true,"href":"https:\/\/lourdesjoias.com.br\/pt_br\/wp-json\/wp\/v2\/product_tag?post=9022"}],"curies":[{"name":"wp","href":"https:\/\/api.w.org\/{rel}","templated":true}]}}