{"id":9270,"date":"2025-09-08T17:15:58","date_gmt":"2025-09-08T20:15:58","guid":{"rendered":"https:\/\/lourdesjoias.com.br\/?post_type=product&#038;p=9270"},"modified":"2026-02-03T17:00:56","modified_gmt":"2026-02-03T20:00:56","slug":"brinco-folheado-cod-911102","status":"publish","type":"product","link":"https:\/\/lourdesjoias.com.br\/pt_br\/produto\/brinco-folheado-cod-911102\/","title":{"rendered":"Brinco Folheado COD: 911102"},"content":{"rendered":"","protected":false},"excerpt":{"rendered":"<p>Brinco banhado em ouro18k<\/p>\n<p>&nbsp;<\/p>\n<p><strong><em>Consulte valor por WhatsApp<\/em><\/strong><\/p>\n<p>&nbsp;<\/p>\n<p>Pendurado \u2013 Cora\u00e7\u00e3o &#8211; Tr\u00eas cores &#8211; Trabalhado<\/p>\n<p>&nbsp;<\/p>\n<p>COD:911102<\/p>\n","protected":false},"featured_media":9271,"template":"","meta":[],"product_brand":[],"product_cat":[854,75],"product_tag":[246,625,796,276,797,631,824],"class_list":{"0":"post-9270","1":"product","2":"type-product","3":"status-publish","4":"has-post-thumbnail","6":"product_cat-folheados","7":"product_cat-brinco-semijoias","8":"product_tag-brinco","9":"product_tag-brinco-coracao","10":"product_tag-brinco-folheado","11":"product_tag-brinco-pendurado","12":"product_tag-brinco-semi-joia","13":"product_tag-brinco-trabalhado","14":"product_tag-brinco-tres-cores","16":"first","17":"instock","18":"shipping-taxable","19":"product-type-simple"},"_links":{"self":[{"href":"https:\/\/lourdesjoias.com.br\/pt_br\/wp-json\/wp\/v2\/product\/9270","targetHints":{"allow":["GET"]}}],"collection":[{"href":"https:\/\/lourdesjoias.com.br\/pt_br\/wp-json\/wp\/v2\/product"}],"about":[{"href":"https:\/\/lourdesjoias.com.br\/pt_br\/wp-json\/wp\/v2\/types\/product"}],"wp:featuredmedia":[{"embeddable":true,"href":"https:\/\/lourdesjoias.com.br\/pt_br\/wp-json\/wp\/v2\/media\/9271"}],"wp:attachment":[{"href":"https:\/\/lourdesjoias.com.br\/pt_br\/wp-json\/wp\/v2\/media?parent=9270"}],"wp:term":[{"taxonomy":"product_brand","embeddable":true,"href":"https:\/\/lourdesjoias.com.br\/pt_br\/wp-json\/wp\/v2\/product_brand?post=9270"},{"taxonomy":"product_cat","embeddable":true,"href":"https:\/\/lourdesjoias.com.br\/pt_br\/wp-json\/wp\/v2\/product_cat?post=9270"},{"taxonomy":"product_tag","embeddable":true,"href":"https:\/\/lourdesjoias.com.br\/pt_br\/wp-json\/wp\/v2\/product_tag?post=9270"}],"curies":[{"name":"wp","href":"https:\/\/api.w.org\/{rel}","templated":true}]}}