{"id":9356,"date":"2025-09-19T10:43:32","date_gmt":"2025-09-19T13:43:32","guid":{"rendered":"https:\/\/lourdesjoias.com.br\/?post_type=product&#038;p=9356"},"modified":"2025-09-19T14:32:22","modified_gmt":"2025-09-19T17:32:22","slug":"pingente-folheado-cod-911115","status":"publish","type":"product","link":"https:\/\/lourdesjoias.com.br\/pt_br\/produto\/pingente-folheado-cod-911115\/","title":{"rendered":"Pingente Folheado COD: 911115"},"content":{"rendered":"","protected":false},"excerpt":{"rendered":"<p>Pingente banhado em ouro18k<\/p>\n<p>&nbsp;<\/p>\n<p><strong><em>Consulte valor por WhatsApp<\/em><\/strong><\/p>\n<p>&nbsp;<\/p>\n<p>Relic\u00e1rio \u2013 Trabalhado \u2013 Cora\u00e7\u00f5es &#8211; Tr\u00eas cores<\/p>\n<p>&nbsp;<\/p>\n<p>COD:911115<\/p>\n","protected":false},"featured_media":9357,"template":"","meta":[],"product_brand":[],"product_cat":[854,79],"product_tag":[765,766,307,1030,678],"class_list":{"0":"post-9356","1":"product","2":"type-product","3":"status-publish","4":"has-post-thumbnail","6":"product_cat-folheados","7":"product_cat-pingente-semijoias","8":"product_tag-pingente-folheado","9":"product_tag-pingente-semi-joia","10":"product_tag-pingente-trabalhado","11":"product_tag-relicario","12":"product_tag-tres-cores","14":"first","15":"instock","16":"shipping-taxable","17":"product-type-simple"},"_links":{"self":[{"href":"https:\/\/lourdesjoias.com.br\/pt_br\/wp-json\/wp\/v2\/product\/9356","targetHints":{"allow":["GET"]}}],"collection":[{"href":"https:\/\/lourdesjoias.com.br\/pt_br\/wp-json\/wp\/v2\/product"}],"about":[{"href":"https:\/\/lourdesjoias.com.br\/pt_br\/wp-json\/wp\/v2\/types\/product"}],"wp:featuredmedia":[{"embeddable":true,"href":"https:\/\/lourdesjoias.com.br\/pt_br\/wp-json\/wp\/v2\/media\/9357"}],"wp:attachment":[{"href":"https:\/\/lourdesjoias.com.br\/pt_br\/wp-json\/wp\/v2\/media?parent=9356"}],"wp:term":[{"taxonomy":"product_brand","embeddable":true,"href":"https:\/\/lourdesjoias.com.br\/pt_br\/wp-json\/wp\/v2\/product_brand?post=9356"},{"taxonomy":"product_cat","embeddable":true,"href":"https:\/\/lourdesjoias.com.br\/pt_br\/wp-json\/wp\/v2\/product_cat?post=9356"},{"taxonomy":"product_tag","embeddable":true,"href":"https:\/\/lourdesjoias.com.br\/pt_br\/wp-json\/wp\/v2\/product_tag?post=9356"}],"curies":[{"name":"wp","href":"https:\/\/api.w.org\/{rel}","templated":true}]}}