{"id":9370,"date":"2025-09-23T14:51:11","date_gmt":"2025-09-23T17:51:11","guid":{"rendered":"https:\/\/lourdesjoias.com.br\/?post_type=product&#038;p=9370"},"modified":"2025-09-23T15:43:32","modified_gmt":"2025-09-23T18:43:32","slug":"relogio-cod-117214","status":"publish","type":"product","link":"https:\/\/lourdesjoias.com.br\/pt_br\/produto\/relogio-cod-117214\/","title":{"rendered":"Rel\u00f3gio COD: 117214"},"content":{"rendered":"","protected":false},"excerpt":{"rendered":"<p>Rel\u00f3gio Casio Retr\u00f4<\/p>\n<p>&nbsp;<\/p>\n<p><strong><em>Consulte valor por WhatsApp<\/em><\/strong><\/p>\n<p>&nbsp;<\/p>\n<p>Diamante natural &#8211; Digital \u2013 Alarme \u2013 Cron\u00f3grafo \u2013 Metal dourado \u2013 N\u00e3o \u00e9 a prova d\u2019\u00e1gua (<em><strong>somente resistente<\/strong><\/em>)<\/p>\n<p>&nbsp;<\/p>\n<p><strong>Um ano de garantia do\u00a0<em>funcionamento<\/em><\/strong><\/p>\n<p>&nbsp;<\/p>\n<p>COD:117214<\/p>\n","protected":false},"featured_media":9371,"template":"","meta":[],"product_brand":[],"product_cat":[58,228],"product_tag":[201,831,880,936,1032,892,850,868],"class_list":{"0":"post-9370","1":"product","2":"type-product","3":"status-publish","4":"has-post-thumbnail","6":"product_cat-relogios","7":"product_cat-feminino","8":"product_tag-diamante-natural","9":"product_tag-relogio","10":"product_tag-relogio-casio","11":"product_tag-relogio-casio-retro","12":"product_tag-relogio-diamante","13":"product_tag-relogio-digital","14":"product_tag-relogio-metal-dourado","15":"product_tag-relogio-resistente-a-agua","17":"first","18":"instock","19":"shipping-taxable","20":"product-type-simple"},"_links":{"self":[{"href":"https:\/\/lourdesjoias.com.br\/pt_br\/wp-json\/wp\/v2\/product\/9370","targetHints":{"allow":["GET"]}}],"collection":[{"href":"https:\/\/lourdesjoias.com.br\/pt_br\/wp-json\/wp\/v2\/product"}],"about":[{"href":"https:\/\/lourdesjoias.com.br\/pt_br\/wp-json\/wp\/v2\/types\/product"}],"wp:featuredmedia":[{"embeddable":true,"href":"https:\/\/lourdesjoias.com.br\/pt_br\/wp-json\/wp\/v2\/media\/9371"}],"wp:attachment":[{"href":"https:\/\/lourdesjoias.com.br\/pt_br\/wp-json\/wp\/v2\/media?parent=9370"}],"wp:term":[{"taxonomy":"product_brand","embeddable":true,"href":"https:\/\/lourdesjoias.com.br\/pt_br\/wp-json\/wp\/v2\/product_brand?post=9370"},{"taxonomy":"product_cat","embeddable":true,"href":"https:\/\/lourdesjoias.com.br\/pt_br\/wp-json\/wp\/v2\/product_cat?post=9370"},{"taxonomy":"product_tag","embeddable":true,"href":"https:\/\/lourdesjoias.com.br\/pt_br\/wp-json\/wp\/v2\/product_tag?post=9370"}],"curies":[{"name":"wp","href":"https:\/\/api.w.org\/{rel}","templated":true}]}}