{"id":9691,"date":"2025-11-22T11:03:13","date_gmt":"2025-11-22T14:03:13","guid":{"rendered":"https:\/\/lourdesjoias.com.br\/?post_type=product&#038;p=9691"},"modified":"2025-11-22T11:03:14","modified_gmt":"2025-11-22T14:03:14","slug":"pulseira-folheada-cod-911124","status":"publish","type":"product","link":"https:\/\/lourdesjoias.com.br\/pt_br\/produto\/pulseira-folheada-cod-911124\/","title":{"rendered":"PULSEIRA FOLHEADA COD 911124"},"content":{"rendered":"","protected":false},"excerpt":{"rendered":"<p>Pulseira banhada em ouro18k<\/p>\n<p>&nbsp;<\/p>\n<p><strong><em>Consulte valor por WhatsApp<\/em><\/strong><\/p>\n<p>&nbsp;<\/p>\n<p>Pingente com zirc\u00f4nia branca &#8211; cora\u00e7\u00e3o<\/p>\n<p>&nbsp;<\/p>\n<p>COD:911124<\/p>\n","protected":false},"featured_media":9692,"template":"","meta":[],"product_brand":[],"product_cat":[15],"product_tag":[216,665,386,145,1075,700],"class_list":{"0":"post-9691","1":"product","2":"type-product","3":"status-publish","4":"has-post-thumbnail","6":"product_cat-diversos","7":"product_tag-cravejado","8":"product_tag-folheado","9":"product_tag-pingente-coracao","10":"product_tag-pulseira","11":"product_tag-pulseira-com-pedra-branca","12":"product_tag-pulseira-folheada","14":"first","15":"instock","16":"shipping-taxable","17":"product-type-simple"},"_links":{"self":[{"href":"https:\/\/lourdesjoias.com.br\/pt_br\/wp-json\/wp\/v2\/product\/9691","targetHints":{"allow":["GET"]}}],"collection":[{"href":"https:\/\/lourdesjoias.com.br\/pt_br\/wp-json\/wp\/v2\/product"}],"about":[{"href":"https:\/\/lourdesjoias.com.br\/pt_br\/wp-json\/wp\/v2\/types\/product"}],"wp:featuredmedia":[{"embeddable":true,"href":"https:\/\/lourdesjoias.com.br\/pt_br\/wp-json\/wp\/v2\/media\/9692"}],"wp:attachment":[{"href":"https:\/\/lourdesjoias.com.br\/pt_br\/wp-json\/wp\/v2\/media?parent=9691"}],"wp:term":[{"taxonomy":"product_brand","embeddable":true,"href":"https:\/\/lourdesjoias.com.br\/pt_br\/wp-json\/wp\/v2\/product_brand?post=9691"},{"taxonomy":"product_cat","embeddable":true,"href":"https:\/\/lourdesjoias.com.br\/pt_br\/wp-json\/wp\/v2\/product_cat?post=9691"},{"taxonomy":"product_tag","embeddable":true,"href":"https:\/\/lourdesjoias.com.br\/pt_br\/wp-json\/wp\/v2\/product_tag?post=9691"}],"curies":[{"name":"wp","href":"https:\/\/api.w.org\/{rel}","templated":true}]}}