{"id":9730,"date":"2025-12-02T10:11:50","date_gmt":"2025-12-02T13:11:50","guid":{"rendered":"https:\/\/lourdesjoias.com.br\/?post_type=product&#038;p=9730"},"modified":"2025-12-02T10:11:50","modified_gmt":"2025-12-02T13:11:50","slug":"brinco-folheado-cod-911057","status":"publish","type":"product","link":"https:\/\/lourdesjoias.com.br\/pt_br\/produto\/brinco-folheado-cod-911057\/","title":{"rendered":"BRINCO FOLHEADO COD: 911057"},"content":{"rendered":"","protected":false},"excerpt":{"rendered":"<p>Brinco banhado em ouro18k<\/p>\n<p>&nbsp;<\/p>\n<p><strong><em>Consulte valor por WhatsApp<\/em><\/strong><\/p>\n<p>&nbsp;<\/p>\n<p>Cravejado &#8211; Cora\u00e7\u00e3o &#8211; La\u00e7o \u2013 Pendurado<\/p>\n<p>&nbsp;<\/p>\n<p>COD: 911057<\/p>\n","protected":false},"featured_media":9731,"template":"","meta":[],"product_brand":[],"product_cat":[854,75],"product_tag":[246,628,796,797,631,686],"class_list":{"0":"post-9730","1":"product","2":"type-product","3":"status-publish","4":"has-post-thumbnail","6":"product_cat-folheados","7":"product_cat-brinco-semijoias","8":"product_tag-brinco","9":"product_tag-brinco-cravejado","10":"product_tag-brinco-folheado","11":"product_tag-brinco-semi-joia","12":"product_tag-brinco-trabalhado","13":"product_tag-laco","15":"first","16":"instock","17":"shipping-taxable","18":"product-type-simple"},"_links":{"self":[{"href":"https:\/\/lourdesjoias.com.br\/pt_br\/wp-json\/wp\/v2\/product\/9730","targetHints":{"allow":["GET"]}}],"collection":[{"href":"https:\/\/lourdesjoias.com.br\/pt_br\/wp-json\/wp\/v2\/product"}],"about":[{"href":"https:\/\/lourdesjoias.com.br\/pt_br\/wp-json\/wp\/v2\/types\/product"}],"wp:featuredmedia":[{"embeddable":true,"href":"https:\/\/lourdesjoias.com.br\/pt_br\/wp-json\/wp\/v2\/media\/9731"}],"wp:attachment":[{"href":"https:\/\/lourdesjoias.com.br\/pt_br\/wp-json\/wp\/v2\/media?parent=9730"}],"wp:term":[{"taxonomy":"product_brand","embeddable":true,"href":"https:\/\/lourdesjoias.com.br\/pt_br\/wp-json\/wp\/v2\/product_brand?post=9730"},{"taxonomy":"product_cat","embeddable":true,"href":"https:\/\/lourdesjoias.com.br\/pt_br\/wp-json\/wp\/v2\/product_cat?post=9730"},{"taxonomy":"product_tag","embeddable":true,"href":"https:\/\/lourdesjoias.com.br\/pt_br\/wp-json\/wp\/v2\/product_tag?post=9730"}],"curies":[{"name":"wp","href":"https:\/\/api.w.org\/{rel}","templated":true}]}}