{"id":9776,"date":"2026-02-02T09:48:05","date_gmt":"2026-02-02T12:48:05","guid":{"rendered":"https:\/\/lourdesjoias.com.br\/?post_type=product&#038;p=9776"},"modified":"2026-02-02T09:48:06","modified_gmt":"2026-02-02T12:48:06","slug":"anel-folheado-cod-912095","status":"publish","type":"product","link":"https:\/\/lourdesjoias.com.br\/pt_br\/produto\/anel-folheado-cod-912095\/","title":{"rendered":"ANEL FOLHEADO COD: 912095"},"content":{"rendered":"","protected":false},"excerpt":{"rendered":"<p>Anel banhado em ouro18k<\/p>\n<p>&nbsp;<\/p>\n<p><strong><em>Consulte valor por WhatsApp<\/em><\/strong><\/p>\n<p>&nbsp;<\/p>\n<p>Anel formatura &#8211; Emblema administra\u00e7\u00e3o &#8211; Zirc\u00f4nia branca e azul<\/p>\n<p>&nbsp;<\/p>\n<p>COD: 912095<\/p>\n","protected":false},"featured_media":9777,"template":"","meta":[],"product_brand":[],"product_cat":[938,854],"product_tag":[178,235,669,240,241,666,117],"class_list":{"0":"post-9776","1":"product","2":"type-product","3":"status-publish","4":"has-post-thumbnail","6":"product_cat-anel-folheados","7":"product_cat-folheados","8":"product_tag-anel","9":"product_tag-anel-formatura","10":"product_tag-anel-semi-joia","11":"product_tag-emblema","12":"product_tag-formatura","13":"product_tag-semi-joia","14":"product_tag-zirconia","16":"first","17":"instock","18":"shipping-taxable","19":"product-type-simple"},"_links":{"self":[{"href":"https:\/\/lourdesjoias.com.br\/pt_br\/wp-json\/wp\/v2\/product\/9776","targetHints":{"allow":["GET"]}}],"collection":[{"href":"https:\/\/lourdesjoias.com.br\/pt_br\/wp-json\/wp\/v2\/product"}],"about":[{"href":"https:\/\/lourdesjoias.com.br\/pt_br\/wp-json\/wp\/v2\/types\/product"}],"wp:featuredmedia":[{"embeddable":true,"href":"https:\/\/lourdesjoias.com.br\/pt_br\/wp-json\/wp\/v2\/media\/9777"}],"wp:attachment":[{"href":"https:\/\/lourdesjoias.com.br\/pt_br\/wp-json\/wp\/v2\/media?parent=9776"}],"wp:term":[{"taxonomy":"product_brand","embeddable":true,"href":"https:\/\/lourdesjoias.com.br\/pt_br\/wp-json\/wp\/v2\/product_brand?post=9776"},{"taxonomy":"product_cat","embeddable":true,"href":"https:\/\/lourdesjoias.com.br\/pt_br\/wp-json\/wp\/v2\/product_cat?post=9776"},{"taxonomy":"product_tag","embeddable":true,"href":"https:\/\/lourdesjoias.com.br\/pt_br\/wp-json\/wp\/v2\/product_tag?post=9776"}],"curies":[{"name":"wp","href":"https:\/\/api.w.org\/{rel}","templated":true}]}}