{"id":9897,"date":"2026-03-16T11:39:59","date_gmt":"2026-03-16T14:39:59","guid":{"rendered":"https:\/\/lourdesjoias.com.br\/?post_type=product&#038;p=9897"},"modified":"2026-03-16T11:40:01","modified_gmt":"2026-03-16T14:40:01","slug":"gargantilha-prata-cod-3826-2","status":"publish","type":"product","link":"https:\/\/lourdesjoias.com.br\/pt_br\/produto\/gargantilha-prata-cod-3826-2\/","title":{"rendered":"Gargantilha Prata COD: 3826"},"content":{"rendered":"","protected":false},"excerpt":{"rendered":"<p>Gargantilha em prata 925<\/p>\n<p>&nbsp;<\/p>\n<p><strong><em>Consulte valor por WhatsApp<\/em><\/strong><\/p>\n<p>&nbsp;<\/p>\n<p>Veneziano \u2013 Pedra rosa de zirc\u00f4nia &#8211; Cora\u00e7\u00e3o<\/p>\n<p>&nbsp;<\/p>\n<p>COD:3826<\/p>\n","protected":false},"featured_media":9898,"template":"","meta":[],"product_brand":[],"product_cat":[56,428],"product_tag":[1090,120,430,577,116,1091,135,1092,89,117],"class_list":{"0":"post-9897","1":"product","2":"type-product","3":"status-publish","4":"has-post-thumbnail","6":"product_cat-prata","7":"product_cat-gargantilha-prata","8":"product_tag-1090","9":"product_tag-coracao","10":"product_tag-gargantilha","11":"product_tag-gargantilha-prata","12":"product_tag-pedra","13":"product_tag-pedra-rosa","14":"product_tag-pedra-zirconia","15":"product_tag-pedra-zirconia-rosa","16":"product_tag-prata","17":"product_tag-zirconia","19":"first","20":"instock","21":"shipping-taxable","22":"product-type-simple"},"_links":{"self":[{"href":"https:\/\/lourdesjoias.com.br\/pt_br\/wp-json\/wp\/v2\/product\/9897","targetHints":{"allow":["GET"]}}],"collection":[{"href":"https:\/\/lourdesjoias.com.br\/pt_br\/wp-json\/wp\/v2\/product"}],"about":[{"href":"https:\/\/lourdesjoias.com.br\/pt_br\/wp-json\/wp\/v2\/types\/product"}],"wp:featuredmedia":[{"embeddable":true,"href":"https:\/\/lourdesjoias.com.br\/pt_br\/wp-json\/wp\/v2\/media\/9898"}],"wp:attachment":[{"href":"https:\/\/lourdesjoias.com.br\/pt_br\/wp-json\/wp\/v2\/media?parent=9897"}],"wp:term":[{"taxonomy":"product_brand","embeddable":true,"href":"https:\/\/lourdesjoias.com.br\/pt_br\/wp-json\/wp\/v2\/product_brand?post=9897"},{"taxonomy":"product_cat","embeddable":true,"href":"https:\/\/lourdesjoias.com.br\/pt_br\/wp-json\/wp\/v2\/product_cat?post=9897"},{"taxonomy":"product_tag","embeddable":true,"href":"https:\/\/lourdesjoias.com.br\/pt_br\/wp-json\/wp\/v2\/product_tag?post=9897"}],"curies":[{"name":"wp","href":"https:\/\/api.w.org\/{rel}","templated":true}]}}