{"id":9926,"date":"2026-03-23T16:50:00","date_gmt":"2026-03-23T19:50:00","guid":{"rendered":"https:\/\/lourdesjoias.com.br\/?post_type=product&#038;p=9926"},"modified":"2026-03-23T16:50:00","modified_gmt":"2026-03-23T19:50:00","slug":"relogio-cod-112690","status":"publish","type":"product","link":"https:\/\/lourdesjoias.com.br\/pt_br\/produto\/relogio-cod-112690\/","title":{"rendered":"Rel\u00f3gio COD: 112690"},"content":{"rendered":"","protected":false},"excerpt":{"rendered":"<p>Rel\u00f3gio Mondaine<\/p>\n<p>&nbsp;<\/p>\n<p><strong><em>Consulte valor por WhatsApp<\/em><\/strong><\/p>\n<p>&nbsp;<\/p>\n<p>Rel\u00f3gio preto, Caixa retangular &#8211; Mostrador com Zirc\u00f4nias brancas &#8211; N\u00e3o \u00e9 a prova d\u2019\u00e1gua (somente resistente)<\/p>\n<p>&nbsp;<\/p>\n<p><strong>Um ano de garantia do\u00a0<em>funcionamento<\/em><\/strong><\/p>\n<p>&nbsp;<\/p>\n<p>COD:112690<\/p>\n","protected":false},"featured_media":9927,"template":"","meta":[],"product_brand":[],"product_cat":[15],"product_tag":[1100,1097,1099,848,915,882,243],"class_list":{"0":"post-9926","1":"product","2":"type-product","3":"status-publish","4":"has-post-thumbnail","6":"product_cat-diversos","7":"product_tag-caixa-retangular","8":"product_tag-mondaine","9":"product_tag-mostrador-com-pedra","10":"product_tag-relogio-feminino","11":"product_tag-relogio-mondaine","12":"product_tag-relogio-preto","13":"product_tag-zirconias-brancas","15":"first","16":"instock","17":"shipping-taxable","18":"product-type-simple"},"_links":{"self":[{"href":"https:\/\/lourdesjoias.com.br\/pt_br\/wp-json\/wp\/v2\/product\/9926","targetHints":{"allow":["GET"]}}],"collection":[{"href":"https:\/\/lourdesjoias.com.br\/pt_br\/wp-json\/wp\/v2\/product"}],"about":[{"href":"https:\/\/lourdesjoias.com.br\/pt_br\/wp-json\/wp\/v2\/types\/product"}],"wp:featuredmedia":[{"embeddable":true,"href":"https:\/\/lourdesjoias.com.br\/pt_br\/wp-json\/wp\/v2\/media\/9927"}],"wp:attachment":[{"href":"https:\/\/lourdesjoias.com.br\/pt_br\/wp-json\/wp\/v2\/media?parent=9926"}],"wp:term":[{"taxonomy":"product_brand","embeddable":true,"href":"https:\/\/lourdesjoias.com.br\/pt_br\/wp-json\/wp\/v2\/product_brand?post=9926"},{"taxonomy":"product_cat","embeddable":true,"href":"https:\/\/lourdesjoias.com.br\/pt_br\/wp-json\/wp\/v2\/product_cat?post=9926"},{"taxonomy":"product_tag","embeddable":true,"href":"https:\/\/lourdesjoias.com.br\/pt_br\/wp-json\/wp\/v2\/product_tag?post=9926"}],"curies":[{"name":"wp","href":"https:\/\/api.w.org\/{rel}","templated":true}]}}